  {"id":341,"date":"2025-12-08T14:12:13","date_gmt":"2025-12-08T14:12:13","guid":{"rendered":"https:\/\/ecotexpert.com\/warum\/"},"modified":"2026-01-05T18:35:58","modified_gmt":"2026-01-05T18:35:58","slug":"warum","status":"publish","type":"page","link":"https:\/\/ecotexpert.com\/de\/","title":{"rendered":"warum"},"content":{"rendered":"\n<div class=\"wp-block-cover alignfull has-custom-video\" style=\"min-height:657px;aspect-ratio:unset;\"><iframe class=\"wp-block-cover__video-background custom-youtube-bg\" src=\"https:\/\/www.youtube.com\/embed\/iwiDccPDVrE?autoplay=1&amp;mute=1&amp;loop=1&amp;playlist=iwiDccPDVrE&amp;controls=0&amp;showinfo=0&amp;rel=0&amp;enablejsapi=1&amp;modestbranding=1\" style=\"position:absolute;top:50%;left:50%;width:100vw;height:56.25vw;min-height:100vh;min-width:177.77vh;transform:translate(-50%, -50%);z-index:0\" frameborder=\"0\" allow=\"autoplay; fullscreen\"><\/iframe><span aria-hidden=\"true\" class=\"wp-block-cover__background has-background-dim-70 has-background-dim\"><\/span><div class=\"wp-block-cover__inner-container has-global-padding is-layout-constrained wp-container-core-cover-is-layout-92ef7b19 wp-block-cover-is-layout-constrained\">\n<h1 class=\"wp-block-heading has-text-align-center has-body-color has-text-color has-link-color wp-elements-2834a74187d33c20e955ed9d3b0370e9\"><strong>wir unterst\u00fctzen Erzeuger dabei, erfolgreich zu sein, mit intelligenten und zuverl\u00e4ssigen Wachssubstraten und Zubeh\u00f6r<\/strong><\/h1>\n\n\n\n<div class=\"wp-block-buttons is-content-justification-center is-layout-flex wp-container-core-buttons-is-layout-a89b3969 wp-block-buttons-is-layout-flex\">\n<div class=\"wp-block-button is-style-fill\" id=\"warum\"><a class=\"wp-block-button__link has-primary-background-color has-background wp-element-button\" href=\"#warum\">verstehe, warum<\/a><\/div>\n\n\n\n<div class=\"wp-block-button is-style-fill\"><a class=\"wp-block-button__link has-primary-background-color has-background wp-element-button\" href=\"https:\/\/ecotexpert.com\/de\/loesungen\/\">L\u00f6sungen<\/a><\/div>\n\n\n\n<div class=\"wp-block-button is-style-outline is-style-outline--1\"><a class=\"wp-block-button__link has-secondary-color has-text-color has-link-color wp-element-button\" href=\"https:\/\/ecotexpert.com\/de\/kontakt\/\">Kontact<\/a><\/div>\n<\/div>\n<\/div><\/div>\n\n\n\n<div class=\"wp-block-group alignfull has-tertiary-background-color has-background has-global-padding is-layout-constrained wp-block-group-is-layout-constrained\" style=\"padding-top:var(--wp--preset--spacing--70);padding-bottom:var(--wp--preset--spacing--70)\">\n<div class=\"wp-block-columns is-layout-flex wp-container-core-columns-is-layout-28f84493 wp-block-columns-is-layout-flex\">\n<div class=\"wp-block-column is-layout-flow wp-block-column-is-layout-flow\">\n<figure class=\"wp-block-image aligncenter size-full is-resized\"><img loading=\"lazy\" decoding=\"async\" width=\"500\" height=\"500\" src=\"https:\/\/ecotexpert.com\/wp-content\/uploads\/2026\/01\/friendly-2.png\" alt=\"\" class=\"wp-image-532\" style=\"width:150px\" srcset=\"https:\/\/ecotexpert.com\/wp-content\/uploads\/2026\/01\/friendly-2.png 500w, https:\/\/ecotexpert.com\/wp-content\/uploads\/2026\/01\/friendly-2-300x300.png 300w, https:\/\/ecotexpert.com\/wp-content\/uploads\/2026\/01\/friendly-2-150x150.png 150w, https:\/\/ecotexpert.com\/wp-content\/uploads\/2026\/01\/friendly-2-100x100.png 100w\" sizes=\"auto, (max-width: 500px) 100vw, 500px\" \/><\/figure>\n\n\n\n<h5 class=\"wp-block-heading has-text-align-center has-primary-color has-text-color has-link-color wp-elements-e7703a0c774568fbea758d84291707d5\">umweltfreundlich<\/h5>\n<\/div>\n\n\n\n<div class=\"wp-block-column is-layout-flow wp-block-column-is-layout-flow\">\n<figure class=\"wp-block-image aligncenter size-full is-resized\"><img loading=\"lazy\" decoding=\"async\" width=\"500\" height=\"500\" src=\"https:\/\/ecotexpert.com\/wp-content\/uploads\/2026\/01\/sustainable-2.png\" alt=\"\" class=\"wp-image-534\" style=\"width:150px\" srcset=\"https:\/\/ecotexpert.com\/wp-content\/uploads\/2026\/01\/sustainable-2.png 500w, https:\/\/ecotexpert.com\/wp-content\/uploads\/2026\/01\/sustainable-2-300x300.png 300w, https:\/\/ecotexpert.com\/wp-content\/uploads\/2026\/01\/sustainable-2-150x150.png 150w, https:\/\/ecotexpert.com\/wp-content\/uploads\/2026\/01\/sustainable-2-100x100.png 100w\" sizes=\"auto, (max-width: 500px) 100vw, 500px\" \/><\/figure>\n\n\n\n<h5 class=\"wp-block-heading has-text-align-center has-primary-color has-text-color has-link-color wp-elements-e6c28cfbedf0ab5be319aa8ab53e75e0\">dauerhaft<\/h5>\n<\/div>\n\n\n\n<div class=\"wp-block-column is-layout-flow wp-block-column-is-layout-flow\">\n<figure class=\"wp-block-image aligncenter size-full is-resized\"><img loading=\"lazy\" decoding=\"async\" width=\"500\" height=\"500\" src=\"https:\/\/ecotexpert.com\/wp-content\/uploads\/2026\/01\/bio-2.png\" alt=\"\" class=\"wp-image-535\" style=\"width:auto;height:150px\" srcset=\"https:\/\/ecotexpert.com\/wp-content\/uploads\/2026\/01\/bio-2.png 500w, https:\/\/ecotexpert.com\/wp-content\/uploads\/2026\/01\/bio-2-300x300.png 300w, https:\/\/ecotexpert.com\/wp-content\/uploads\/2026\/01\/bio-2-150x150.png 150w, https:\/\/ecotexpert.com\/wp-content\/uploads\/2026\/01\/bio-2-100x100.png 100w\" sizes=\"auto, (max-width: 500px) 100vw, 500px\" \/><\/figure>\n\n\n\n<h5 class=\"wp-block-heading has-text-align-center has-primary-color has-text-color has-link-color wp-elements-2b323ec32764837f09dab0f978f4885f\">biologisch abbaubar<\/h5>\n<\/div>\n<\/div>\n<\/div>\n\n\n\n<div class=\"wp-block-group has-global-padding is-layout-constrained wp-block-group-is-layout-constrained\" style=\"padding-top:var(--wp--preset--spacing--80);padding-bottom:var(--wp--preset--spacing--80)\">\n<div class=\"wp-block-columns are-vertically-aligned-top is-layout-flex wp-container-core-columns-is-layout-28f84493 wp-block-columns-is-layout-flex\" style=\"border-top-left-radius:0px;border-top-right-radius:0px;border-bottom-left-radius:0px;border-bottom-right-radius:0px\">\n<div class=\"wp-block-column is-vertically-aligned-top is-layout-flow wp-block-column-is-layout-flow\" style=\"flex-basis:50%\">\n<h2 class=\"wp-block-heading\" style=\"margin-top:0;margin-bottom:var(--wp--preset--spacing--60)\">ergebnisorientierte Nachhaltigkeit<\/h2>\n\n\n\n<p><strong>Wir unterst\u00fctzen Erzeuger dabei, erfolgreich zu sein, mit intelligenten und zuverl\u00e4ssigen Kultursubstraten und Zubeh\u00f6r.&nbsp;Tectofoam-Produkte vereinfachen den Anbau, indem sie den Arbeitsaufwand reduzieren, ein starkes Wurzelwachstum f\u00f6rdern und bessere Keimergebnisse erm\u00f6glichen. Ob Gem\u00fcse, Blmumen oder B\u00e4ume, in Vertical-Farmen oder traditionellen Gew\u00e4chsh\u00e4usern \u2013 wir haben die passende L\u00f6sungen f\u00fcr Ihren Betrieb.<\/strong><\/p>\n<\/div>\n\n\n\n<div class=\"wp-block-column is-vertically-aligned-top is-layout-flow wp-block-column-is-layout-flow\" style=\"flex-basis:50%\">\n<figure class=\"wp-block-image size-large has-custom-border\"><img loading=\"lazy\" decoding=\"async\" width=\"1024\" height=\"896\" src=\"https:\/\/ecotexpert.com\/wp-content\/uploads\/2025\/12\/home-1024x896.jpg\" alt=\"\" class=\"wp-image-191\" style=\"border-top-left-radius:25px;border-top-right-radius:25px;border-bottom-left-radius:25px;border-bottom-right-radius:25px\" srcset=\"https:\/\/ecotexpert.com\/wp-content\/uploads\/2025\/12\/home-1024x896.jpg 1024w, https:\/\/ecotexpert.com\/wp-content\/uploads\/2025\/12\/home-300x262.jpg 300w, https:\/\/ecotexpert.com\/wp-content\/uploads\/2025\/12\/home-768x672.jpg 768w, https:\/\/ecotexpert.com\/wp-content\/uploads\/2025\/12\/home-1536x1344.jpg 1536w, https:\/\/ecotexpert.com\/wp-content\/uploads\/2025\/12\/home-114x100.jpg 114w, https:\/\/ecotexpert.com\/wp-content\/uploads\/2025\/12\/home.jpg 1975w\" sizes=\"auto, (max-width: 1024px) 100vw, 1024px\" \/><\/figure>\n<\/div>\n<\/div>\n<\/div>\n\n\n\n<div class=\"wp-block-buttons is-layout-flex wp-block-buttons-is-layout-flex\" style=\"margin-bottom:var(--wp--preset--spacing--70)\">\n<div class=\"wp-block-button\"><a class=\"wp-block-button__link has-primary-background-color has-background wp-element-button\" href=\"https:\/\/ecotexpert.com\/de\/loesungen\/\">L\u00f6sungen<\/a><\/div>\n<\/div>\n\n\n\n<p><\/p>\n","protected":false},"excerpt":{"rendered":"<p>umweltfreundlich dauerhaft biologisch abbaubar ergebnisorientierte Nachhaltigkeit Wir unterst\u00fctzen Erzeuger dabei, erfolgreich zu sein, mit intelligenten und zuverl\u00e4ssigen Kultursubstraten und Zubeh\u00f6r.&nbsp;Tectofoam-Produkte &hellip; <a href=\"https:\/\/ecotexpert.com\/de\/\">Continued<\/a><\/p>\n","protected":false},"author":2,"featured_media":0,"parent":0,"menu_order":0,"comment_status":"closed","ping_status":"closed","template":"","meta":{"_acf_changed":false,"footnotes":""},"class_list":["post-341","page","type-page","status-publish","hentry"],"acf":[],"yoast_head":"<!-- This site is optimized with the Yoast SEO plugin v26.5 - https:\/\/yoast.com\/wordpress\/plugins\/seo\/ -->\n<title>warum - ecoTEXpert<\/title>\n<meta name=\"robots\" content=\"index, follow, max-snippet:-1, max-image-preview:large, max-video-preview:-1\" \/>\n<link rel=\"canonical\" href=\"https:\/\/ecotexpert.com\/de\/\" \/>\n<meta property=\"og:locale\" content=\"de_DE\" \/>\n<meta property=\"og:type\" content=\"article\" \/>\n<meta property=\"og:title\" content=\"warum - ecoTEXpert\" \/>\n<meta property=\"og:description\" content=\"umweltfreundlich dauerhaft biologisch abbaubar ergebnisorientierte Nachhaltigkeit Wir unterst\u00fctzen Erzeuger dabei, erfolgreich zu sein, mit intelligenten und zuverl\u00e4ssigen Kultursubstraten und Zubeh\u00f6r.&nbsp;Tectofoam-Produkte &hellip; Continued\" \/>\n<meta property=\"og:url\" content=\"https:\/\/ecotexpert.com\/de\/\" \/>\n<meta property=\"og:site_name\" content=\"ecoTEXpert\" \/>\n<meta property=\"article:modified_time\" content=\"2026-01-05T18:35:58+00:00\" \/>\n<meta property=\"og:image\" content=\"https:\/\/ecotexpert.com\/wp-content\/uploads\/2026\/01\/friendly-2.png\" \/>\n\t<meta property=\"og:image:width\" content=\"500\" \/>\n\t<meta property=\"og:image:height\" content=\"500\" \/>\n\t<meta property=\"og:image:type\" content=\"image\/png\" \/>\n<meta name=\"twitter:card\" content=\"summary_large_image\" \/>\n<meta name=\"twitter:label1\" content=\"Gesch\u00e4tzte Lesezeit\" \/>\n\t<meta name=\"twitter:data1\" content=\"2\u00a0Minuten\" \/>\n<script type=\"application\/ld+json\" class=\"yoast-schema-graph\">{\"@context\":\"https:\/\/schema.org\",\"@graph\":[{\"@type\":\"WebPage\",\"@id\":\"https:\/\/ecotexpert.com\/de\/\",\"url\":\"https:\/\/ecotexpert.com\/de\/\",\"name\":\"warum - ecoTEXpert\",\"isPartOf\":{\"@id\":\"https:\/\/ecotexpert.com\/de\/#website\"},\"primaryImageOfPage\":{\"@id\":\"https:\/\/ecotexpert.com\/de\/#primaryimage\"},\"image\":{\"@id\":\"https:\/\/ecotexpert.com\/de\/#primaryimage\"},\"thumbnailUrl\":\"https:\/\/ecotexpert.com\/wp-content\/uploads\/2026\/01\/friendly-2.png\",\"datePublished\":\"2025-12-08T14:12:13+00:00\",\"dateModified\":\"2026-01-05T18:35:58+00:00\",\"breadcrumb\":{\"@id\":\"https:\/\/ecotexpert.com\/de\/#breadcrumb\"},\"inLanguage\":\"de\",\"potentialAction\":[{\"@type\":\"ReadAction\",\"target\":[\"https:\/\/ecotexpert.com\/de\/\"]}]},{\"@type\":\"ImageObject\",\"inLanguage\":\"de\",\"@id\":\"https:\/\/ecotexpert.com\/de\/#primaryimage\",\"url\":\"https:\/\/ecotexpert.com\/wp-content\/uploads\/2026\/01\/friendly-2.png\",\"contentUrl\":\"https:\/\/ecotexpert.com\/wp-content\/uploads\/2026\/01\/friendly-2.png\"},{\"@type\":\"BreadcrumbList\",\"@id\":\"https:\/\/ecotexpert.com\/de\/#breadcrumb\",\"itemListElement\":[{\"@type\":\"ListItem\",\"position\":1,\"name\":\"Home\",\"item\":\"https:\/\/ecotexpert.com\/de\/\"},{\"@type\":\"ListItem\",\"position\":2,\"name\":\"warum\"}]},{\"@type\":\"WebSite\",\"@id\":\"https:\/\/ecotexpert.com\/de\/#website\",\"url\":\"https:\/\/ecotexpert.com\/de\/\",\"name\":\"ecoTEXpert\",\"description\":\"\",\"publisher\":{\"@id\":\"https:\/\/ecotexpert.com\/de\/#organization\"},\"potentialAction\":[{\"@type\":\"SearchAction\",\"target\":{\"@type\":\"EntryPoint\",\"urlTemplate\":\"https:\/\/ecotexpert.com\/de\/?s={search_term_string}\"},\"query-input\":{\"@type\":\"PropertyValueSpecification\",\"valueRequired\":true,\"valueName\":\"search_term_string\"}}],\"inLanguage\":\"de\"},{\"@type\":\"Organization\",\"@id\":\"https:\/\/ecotexpert.com\/de\/#organization\",\"name\":\"ecoTEXpert\",\"url\":\"https:\/\/ecotexpert.com\/de\/\",\"logo\":{\"@type\":\"ImageObject\",\"inLanguage\":\"de\",\"@id\":\"https:\/\/ecotexpert.com\/de\/#\/schema\/logo\/image\/\",\"url\":\"https:\/\/ecotexpert.com\/wp-content\/uploads\/2025\/12\/logo.svg\",\"contentUrl\":\"https:\/\/ecotexpert.com\/wp-content\/uploads\/2025\/12\/logo.svg\",\"caption\":\"ecoTEXpert\"},\"image\":{\"@id\":\"https:\/\/ecotexpert.com\/de\/#\/schema\/logo\/image\/\"}}]}<\/script>\n<!-- \/ Yoast SEO plugin. -->","yoast_head_json":{"title":"warum - ecoTEXpert","robots":{"index":"index","follow":"follow","max-snippet":"max-snippet:-1","max-image-preview":"max-image-preview:large","max-video-preview":"max-video-preview:-1"},"canonical":"https:\/\/ecotexpert.com\/de\/","og_locale":"de_DE","og_type":"article","og_title":"warum - ecoTEXpert","og_description":"umweltfreundlich dauerhaft biologisch abbaubar ergebnisorientierte Nachhaltigkeit Wir unterst\u00fctzen Erzeuger dabei, erfolgreich zu sein, mit intelligenten und zuverl\u00e4ssigen Kultursubstraten und Zubeh\u00f6r.&nbsp;Tectofoam-Produkte &hellip; Continued","og_url":"https:\/\/ecotexpert.com\/de\/","og_site_name":"ecoTEXpert","article_modified_time":"2026-01-05T18:35:58+00:00","og_image":[{"width":500,"height":500,"url":"https:\/\/ecotexpert.com\/wp-content\/uploads\/2026\/01\/friendly-2.png","type":"image\/png"}],"twitter_card":"summary_large_image","twitter_misc":{"Gesch\u00e4tzte Lesezeit":"2\u00a0Minuten"},"schema":{"@context":"https:\/\/schema.org","@graph":[{"@type":"WebPage","@id":"https:\/\/ecotexpert.com\/de\/","url":"https:\/\/ecotexpert.com\/de\/","name":"warum - ecoTEXpert","isPartOf":{"@id":"https:\/\/ecotexpert.com\/de\/#website"},"primaryImageOfPage":{"@id":"https:\/\/ecotexpert.com\/de\/#primaryimage"},"image":{"@id":"https:\/\/ecotexpert.com\/de\/#primaryimage"},"thumbnailUrl":"https:\/\/ecotexpert.com\/wp-content\/uploads\/2026\/01\/friendly-2.png","datePublished":"2025-12-08T14:12:13+00:00","dateModified":"2026-01-05T18:35:58+00:00","breadcrumb":{"@id":"https:\/\/ecotexpert.com\/de\/#breadcrumb"},"inLanguage":"de","potentialAction":[{"@type":"ReadAction","target":["https:\/\/ecotexpert.com\/de\/"]}]},{"@type":"ImageObject","inLanguage":"de","@id":"https:\/\/ecotexpert.com\/de\/#primaryimage","url":"https:\/\/ecotexpert.com\/wp-content\/uploads\/2026\/01\/friendly-2.png","contentUrl":"https:\/\/ecotexpert.com\/wp-content\/uploads\/2026\/01\/friendly-2.png"},{"@type":"BreadcrumbList","@id":"https:\/\/ecotexpert.com\/de\/#breadcrumb","itemListElement":[{"@type":"ListItem","position":1,"name":"Home","item":"https:\/\/ecotexpert.com\/de\/"},{"@type":"ListItem","position":2,"name":"warum"}]},{"@type":"WebSite","@id":"https:\/\/ecotexpert.com\/de\/#website","url":"https:\/\/ecotexpert.com\/de\/","name":"ecoTEXpert","description":"","publisher":{"@id":"https:\/\/ecotexpert.com\/de\/#organization"},"potentialAction":[{"@type":"SearchAction","target":{"@type":"EntryPoint","urlTemplate":"https:\/\/ecotexpert.com\/de\/?s={search_term_string}"},"query-input":{"@type":"PropertyValueSpecification","valueRequired":true,"valueName":"search_term_string"}}],"inLanguage":"de"},{"@type":"Organization","@id":"https:\/\/ecotexpert.com\/de\/#organization","name":"ecoTEXpert","url":"https:\/\/ecotexpert.com\/de\/","logo":{"@type":"ImageObject","inLanguage":"de","@id":"https:\/\/ecotexpert.com\/de\/#\/schema\/logo\/image\/","url":"https:\/\/ecotexpert.com\/wp-content\/uploads\/2025\/12\/logo.svg","contentUrl":"https:\/\/ecotexpert.com\/wp-content\/uploads\/2025\/12\/logo.svg","caption":"ecoTEXpert"},"image":{"@id":"https:\/\/ecotexpert.com\/de\/#\/schema\/logo\/image\/"}}]}},"_links":{"self":[{"href":"https:\/\/ecotexpert.com\/de\/wp-json\/wp\/v2\/pages\/341","targetHints":{"allow":["GET"]}}],"collection":[{"href":"https:\/\/ecotexpert.com\/de\/wp-json\/wp\/v2\/pages"}],"about":[{"href":"https:\/\/ecotexpert.com\/de\/wp-json\/wp\/v2\/types\/page"}],"author":[{"embeddable":true,"href":"https:\/\/ecotexpert.com\/de\/wp-json\/wp\/v2\/users\/2"}],"replies":[{"embeddable":true,"href":"https:\/\/ecotexpert.com\/de\/wp-json\/wp\/v2\/comments?post=341"}],"version-history":[{"count":22,"href":"https:\/\/ecotexpert.com\/de\/wp-json\/wp\/v2\/pages\/341\/revisions"}],"predecessor-version":[{"id":536,"href":"https:\/\/ecotexpert.com\/de\/wp-json\/wp\/v2\/pages\/341\/revisions\/536"}],"wp:attachment":[{"href":"https:\/\/ecotexpert.com\/de\/wp-json\/wp\/v2\/media?parent=341"}],"curies":[{"name":"wp","href":"https:\/\/api.w.org\/{rel}","templated":true}]}}