  {"id":379,"date":"2025-12-23T12:40:48","date_gmt":"2025-12-23T12:40:48","guid":{"rendered":"https:\/\/ecotexpert.com\/binddraad-biologisch-afbreekbaar-duits\/"},"modified":"2026-01-05T14:26:16","modified_gmt":"2026-01-05T14:26:16","slug":"binddraad-biologisch-afbreekbaar-duits","status":"publish","type":"page","link":"https:\/\/ecotexpert.com\/de\/binddraad-biologisch-afbreekbaar-duits\/","title":{"rendered":"bindegarn \u2013 biologisch abbaubar"},"content":{"rendered":"\n<div class=\"wp-block-group has-global-padding is-layout-constrained wp-block-group-is-layout-constrained\" style=\"padding-top:var(--wp--preset--spacing--80);padding-bottom:var(--wp--preset--spacing--80)\">\n<div class=\"wp-block-columns are-vertically-aligned-top is-layout-flex wp-container-core-columns-is-layout-28f84493 wp-block-columns-is-layout-flex\" style=\"border-top-left-radius:0px;border-top-right-radius:0px;border-bottom-left-radius:0px;border-bottom-right-radius:0px\">\n<div class=\"wp-block-column is-vertically-aligned-top is-layout-flow wp-block-column-is-layout-flow\" style=\"flex-basis:50%\">\n<p id=\"headings\"><\/p>\n\n\n\n<h2 class=\"wp-block-heading\" style=\"margin-top:0;margin-bottom:var(--wp--preset--spacing--60)\">bindegarn \u2013 biologisch abbaubar<\/h2>\n\n\n\n<p>Nachhaltig, robust und umweltfreundlich: Unser biologisch abbaubares Bindegarn ist ideal f\u00fcr Landwirtschaft und Gartenbau. Reduzieren Sie Ihre CO\u2082-Emissionen und entscheiden Sie sich f\u00fcr eine clevere, umweltfreundliche L\u00f6sung, die zuverl\u00e4ssig und einfach in der Anwendung ist.<\/p>\n\n\n\n<ul class=\"wp-block-list\">\n<li>Verantwortungsbewusst und nachhaltig<\/li>\n\n\n\n<li>Robust und zuverl\u00e4ssig<\/li>\n\n\n\n<li>Umweltfreundlich<\/li>\n<\/ul>\n\n\n\n<p>Dieses umweltfreundliche Garn zersetzt sich mit der Zeit und ist kompostierbar. Perfekt f\u00fcr Tomaten, Gurken und Bohnen, aber auch f\u00fcr andere Kletterpflanzen im Ziergarten geeignet. Langlebig, robust und einfach in der Anwendung!<\/p>\n<\/div>\n\n\n\n<div class=\"wp-block-column is-vertically-aligned-top is-layout-flow wp-block-column-is-layout-flow\" style=\"flex-basis:50%\">\n<figure class=\"wp-block-image size-full has-custom-border\"><img loading=\"lazy\" decoding=\"async\" width=\"1000\" height=\"667\" src=\"https:\/\/ecotexpert.com\/wp-content\/uploads\/2025\/12\/draad.jpg\" alt=\"\" class=\"wp-image-199\" style=\"border-top-left-radius:25px;border-top-right-radius:25px;border-bottom-left-radius:25px;border-bottom-right-radius:25px\" srcset=\"https:\/\/ecotexpert.com\/wp-content\/uploads\/2025\/12\/draad.jpg 1000w, https:\/\/ecotexpert.com\/wp-content\/uploads\/2025\/12\/draad-300x200.jpg 300w, https:\/\/ecotexpert.com\/wp-content\/uploads\/2025\/12\/draad-768x512.jpg 768w, https:\/\/ecotexpert.com\/wp-content\/uploads\/2025\/12\/draad-150x100.jpg 150w\" sizes=\"auto, (max-width: 1000px) 100vw, 1000px\" \/><\/figure>\n<\/div>\n<\/div>\n<\/div>\n","protected":false},"excerpt":{"rendered":"<p>bindegarn \u2013 biologisch abbaubar Nachhaltig, robust und umweltfreundlich: Unser biologisch abbaubares Bindegarn ist ideal f\u00fcr Landwirtschaft und Gartenbau. Reduzieren Sie &hellip; <a href=\"https:\/\/ecotexpert.com\/de\/binddraad-biologisch-afbreekbaar-duits\/\">Continued<\/a><\/p>\n","protected":false},"author":2,"featured_media":0,"parent":0,"menu_order":0,"comment_status":"closed","ping_status":"closed","template":"","meta":{"_acf_changed":false,"footnotes":""},"class_list":["post-379","page","type-page","status-publish","hentry"],"acf":[],"yoast_head":"<!-- This site is optimized with the Yoast SEO plugin v26.5 - https:\/\/yoast.com\/wordpress\/plugins\/seo\/ -->\n<title>bindegarn \u2013 biologisch abbaubar - ecoTEXpert<\/title>\n<meta name=\"robots\" content=\"index, follow, max-snippet:-1, max-image-preview:large, max-video-preview:-1\" \/>\n<link rel=\"canonical\" href=\"https:\/\/ecotexpert.com\/de\/binddraad-biologisch-afbreekbaar-duits\/\" \/>\n<meta property=\"og:locale\" content=\"de_DE\" \/>\n<meta property=\"og:type\" content=\"article\" \/>\n<meta property=\"og:title\" content=\"bindegarn \u2013 biologisch abbaubar - ecoTEXpert\" \/>\n<meta property=\"og:description\" content=\"bindegarn \u2013 biologisch abbaubar Nachhaltig, robust und umweltfreundlich: Unser biologisch abbaubares Bindegarn ist ideal f\u00fcr Landwirtschaft und Gartenbau. Reduzieren Sie &hellip; Continued\" \/>\n<meta property=\"og:url\" content=\"https:\/\/ecotexpert.com\/de\/binddraad-biologisch-afbreekbaar-duits\/\" \/>\n<meta property=\"og:site_name\" content=\"ecoTEXpert\" \/>\n<meta property=\"article:modified_time\" content=\"2026-01-05T14:26:16+00:00\" \/>\n<meta property=\"og:image\" content=\"https:\/\/ecotexpert.com\/wp-content\/uploads\/2025\/12\/draad.jpg\" \/>\n\t<meta property=\"og:image:width\" content=\"1000\" \/>\n\t<meta property=\"og:image:height\" content=\"667\" \/>\n\t<meta property=\"og:image:type\" content=\"image\/jpeg\" \/>\n<meta name=\"twitter:card\" content=\"summary_large_image\" \/>\n<meta name=\"twitter:label1\" content=\"Gesch\u00e4tzte Lesezeit\" \/>\n\t<meta name=\"twitter:data1\" content=\"1\u00a0Minute\" \/>\n<script type=\"application\/ld+json\" class=\"yoast-schema-graph\">{\"@context\":\"https:\/\/schema.org\",\"@graph\":[{\"@type\":\"WebPage\",\"@id\":\"https:\/\/ecotexpert.com\/de\/binddraad-biologisch-afbreekbaar-duits\/\",\"url\":\"https:\/\/ecotexpert.com\/de\/binddraad-biologisch-afbreekbaar-duits\/\",\"name\":\"bindegarn \u2013 biologisch abbaubar - ecoTEXpert\",\"isPartOf\":{\"@id\":\"https:\/\/ecotexpert.com\/de\/#website\"},\"primaryImageOfPage\":{\"@id\":\"https:\/\/ecotexpert.com\/de\/binddraad-biologisch-afbreekbaar-duits\/#primaryimage\"},\"image\":{\"@id\":\"https:\/\/ecotexpert.com\/de\/binddraad-biologisch-afbreekbaar-duits\/#primaryimage\"},\"thumbnailUrl\":\"https:\/\/ecotexpert.com\/wp-content\/uploads\/2025\/12\/draad.jpg\",\"datePublished\":\"2025-12-23T12:40:48+00:00\",\"dateModified\":\"2026-01-05T14:26:16+00:00\",\"breadcrumb\":{\"@id\":\"https:\/\/ecotexpert.com\/de\/binddraad-biologisch-afbreekbaar-duits\/#breadcrumb\"},\"inLanguage\":\"de\",\"potentialAction\":[{\"@type\":\"ReadAction\",\"target\":[\"https:\/\/ecotexpert.com\/de\/binddraad-biologisch-afbreekbaar-duits\/\"]}]},{\"@type\":\"ImageObject\",\"inLanguage\":\"de\",\"@id\":\"https:\/\/ecotexpert.com\/de\/binddraad-biologisch-afbreekbaar-duits\/#primaryimage\",\"url\":\"https:\/\/ecotexpert.com\/wp-content\/uploads\/2025\/12\/draad.jpg\",\"contentUrl\":\"https:\/\/ecotexpert.com\/wp-content\/uploads\/2025\/12\/draad.jpg\"},{\"@type\":\"BreadcrumbList\",\"@id\":\"https:\/\/ecotexpert.com\/de\/binddraad-biologisch-afbreekbaar-duits\/#breadcrumb\",\"itemListElement\":[{\"@type\":\"ListItem\",\"position\":1,\"name\":\"Home\",\"item\":\"https:\/\/ecotexpert.com\/de\/\"},{\"@type\":\"ListItem\",\"position\":2,\"name\":\"bindegarn \u2013 biologisch abbaubar\"}]},{\"@type\":\"WebSite\",\"@id\":\"https:\/\/ecotexpert.com\/de\/#website\",\"url\":\"https:\/\/ecotexpert.com\/de\/\",\"name\":\"ecoTEXpert\",\"description\":\"\",\"publisher\":{\"@id\":\"https:\/\/ecotexpert.com\/de\/#organization\"},\"potentialAction\":[{\"@type\":\"SearchAction\",\"target\":{\"@type\":\"EntryPoint\",\"urlTemplate\":\"https:\/\/ecotexpert.com\/de\/?s={search_term_string}\"},\"query-input\":{\"@type\":\"PropertyValueSpecification\",\"valueRequired\":true,\"valueName\":\"search_term_string\"}}],\"inLanguage\":\"de\"},{\"@type\":\"Organization\",\"@id\":\"https:\/\/ecotexpert.com\/de\/#organization\",\"name\":\"ecoTEXpert\",\"url\":\"https:\/\/ecotexpert.com\/de\/\",\"logo\":{\"@type\":\"ImageObject\",\"inLanguage\":\"de\",\"@id\":\"https:\/\/ecotexpert.com\/de\/#\/schema\/logo\/image\/\",\"url\":\"https:\/\/ecotexpert.com\/wp-content\/uploads\/2025\/12\/logo.svg\",\"contentUrl\":\"https:\/\/ecotexpert.com\/wp-content\/uploads\/2025\/12\/logo.svg\",\"caption\":\"ecoTEXpert\"},\"image\":{\"@id\":\"https:\/\/ecotexpert.com\/de\/#\/schema\/logo\/image\/\"}}]}<\/script>\n<!-- \/ Yoast SEO plugin. -->","yoast_head_json":{"title":"bindegarn \u2013 biologisch abbaubar - ecoTEXpert","robots":{"index":"index","follow":"follow","max-snippet":"max-snippet:-1","max-image-preview":"max-image-preview:large","max-video-preview":"max-video-preview:-1"},"canonical":"https:\/\/ecotexpert.com\/de\/binddraad-biologisch-afbreekbaar-duits\/","og_locale":"de_DE","og_type":"article","og_title":"bindegarn \u2013 biologisch abbaubar - ecoTEXpert","og_description":"bindegarn \u2013 biologisch abbaubar Nachhaltig, robust und umweltfreundlich: Unser biologisch abbaubares Bindegarn ist ideal f\u00fcr Landwirtschaft und Gartenbau. Reduzieren Sie &hellip; Continued","og_url":"https:\/\/ecotexpert.com\/de\/binddraad-biologisch-afbreekbaar-duits\/","og_site_name":"ecoTEXpert","article_modified_time":"2026-01-05T14:26:16+00:00","og_image":[{"width":1000,"height":667,"url":"https:\/\/ecotexpert.com\/wp-content\/uploads\/2025\/12\/draad.jpg","type":"image\/jpeg"}],"twitter_card":"summary_large_image","twitter_misc":{"Gesch\u00e4tzte Lesezeit":"1\u00a0Minute"},"schema":{"@context":"https:\/\/schema.org","@graph":[{"@type":"WebPage","@id":"https:\/\/ecotexpert.com\/de\/binddraad-biologisch-afbreekbaar-duits\/","url":"https:\/\/ecotexpert.com\/de\/binddraad-biologisch-afbreekbaar-duits\/","name":"bindegarn \u2013 biologisch abbaubar - ecoTEXpert","isPartOf":{"@id":"https:\/\/ecotexpert.com\/de\/#website"},"primaryImageOfPage":{"@id":"https:\/\/ecotexpert.com\/de\/binddraad-biologisch-afbreekbaar-duits\/#primaryimage"},"image":{"@id":"https:\/\/ecotexpert.com\/de\/binddraad-biologisch-afbreekbaar-duits\/#primaryimage"},"thumbnailUrl":"https:\/\/ecotexpert.com\/wp-content\/uploads\/2025\/12\/draad.jpg","datePublished":"2025-12-23T12:40:48+00:00","dateModified":"2026-01-05T14:26:16+00:00","breadcrumb":{"@id":"https:\/\/ecotexpert.com\/de\/binddraad-biologisch-afbreekbaar-duits\/#breadcrumb"},"inLanguage":"de","potentialAction":[{"@type":"ReadAction","target":["https:\/\/ecotexpert.com\/de\/binddraad-biologisch-afbreekbaar-duits\/"]}]},{"@type":"ImageObject","inLanguage":"de","@id":"https:\/\/ecotexpert.com\/de\/binddraad-biologisch-afbreekbaar-duits\/#primaryimage","url":"https:\/\/ecotexpert.com\/wp-content\/uploads\/2025\/12\/draad.jpg","contentUrl":"https:\/\/ecotexpert.com\/wp-content\/uploads\/2025\/12\/draad.jpg"},{"@type":"BreadcrumbList","@id":"https:\/\/ecotexpert.com\/de\/binddraad-biologisch-afbreekbaar-duits\/#breadcrumb","itemListElement":[{"@type":"ListItem","position":1,"name":"Home","item":"https:\/\/ecotexpert.com\/de\/"},{"@type":"ListItem","position":2,"name":"bindegarn \u2013 biologisch abbaubar"}]},{"@type":"WebSite","@id":"https:\/\/ecotexpert.com\/de\/#website","url":"https:\/\/ecotexpert.com\/de\/","name":"ecoTEXpert","description":"","publisher":{"@id":"https:\/\/ecotexpert.com\/de\/#organization"},"potentialAction":[{"@type":"SearchAction","target":{"@type":"EntryPoint","urlTemplate":"https:\/\/ecotexpert.com\/de\/?s={search_term_string}"},"query-input":{"@type":"PropertyValueSpecification","valueRequired":true,"valueName":"search_term_string"}}],"inLanguage":"de"},{"@type":"Organization","@id":"https:\/\/ecotexpert.com\/de\/#organization","name":"ecoTEXpert","url":"https:\/\/ecotexpert.com\/de\/","logo":{"@type":"ImageObject","inLanguage":"de","@id":"https:\/\/ecotexpert.com\/de\/#\/schema\/logo\/image\/","url":"https:\/\/ecotexpert.com\/wp-content\/uploads\/2025\/12\/logo.svg","contentUrl":"https:\/\/ecotexpert.com\/wp-content\/uploads\/2025\/12\/logo.svg","caption":"ecoTEXpert"},"image":{"@id":"https:\/\/ecotexpert.com\/de\/#\/schema\/logo\/image\/"}}]}},"_links":{"self":[{"href":"https:\/\/ecotexpert.com\/de\/wp-json\/wp\/v2\/pages\/379","targetHints":{"allow":["GET"]}}],"collection":[{"href":"https:\/\/ecotexpert.com\/de\/wp-json\/wp\/v2\/pages"}],"about":[{"href":"https:\/\/ecotexpert.com\/de\/wp-json\/wp\/v2\/types\/page"}],"author":[{"embeddable":true,"href":"https:\/\/ecotexpert.com\/de\/wp-json\/wp\/v2\/users\/2"}],"replies":[{"embeddable":true,"href":"https:\/\/ecotexpert.com\/de\/wp-json\/wp\/v2\/comments?post=379"}],"version-history":[{"count":2,"href":"https:\/\/ecotexpert.com\/de\/wp-json\/wp\/v2\/pages\/379\/revisions"}],"predecessor-version":[{"id":474,"href":"https:\/\/ecotexpert.com\/de\/wp-json\/wp\/v2\/pages\/379\/revisions\/474"}],"wp:attachment":[{"href":"https:\/\/ecotexpert.com\/de\/wp-json\/wp\/v2\/media?parent=379"}],"curies":[{"name":"wp","href":"https:\/\/api.w.org\/{rel}","templated":true}]}}