  {"id":381,"date":"2025-12-23T12:24:31","date_gmt":"2025-12-23T12:24:31","guid":{"rendered":"https:\/\/ecotexpert.com\/orchideen-anzuchtschaum\/"},"modified":"2026-01-05T14:26:16","modified_gmt":"2026-01-05T14:26:16","slug":"orchideen-anzuchtschaum","status":"publish","type":"page","link":"https:\/\/ecotexpert.com\/de\/orchideen-anzuchtschaum\/","title":{"rendered":"orchideen-anzuchtschaum"},"content":{"rendered":"\n<div class=\"wp-block-group has-global-padding is-layout-constrained wp-block-group-is-layout-constrained\" style=\"padding-top:var(--wp--preset--spacing--80);padding-bottom:var(--wp--preset--spacing--80)\">\n<div class=\"wp-block-columns are-vertically-aligned-top is-layout-flex wp-container-core-columns-is-layout-28f84493 wp-block-columns-is-layout-flex\" style=\"border-top-left-radius:0px;border-top-right-radius:0px;border-bottom-left-radius:0px;border-bottom-right-radius:0px\">\n<div class=\"wp-block-column is-vertically-aligned-top is-layout-flow wp-block-column-is-layout-flow\" style=\"flex-basis:50%\">\n<p id=\"headings\"><\/p>\n\n\n\n<h2 class=\"wp-block-heading\" style=\"margin-top:0;margin-bottom:var(--wp--preset--spacing--60)\">orchideen-anzuchtschaum<\/h2>\n\n\n\n<h3 class=\"wp-block-heading\">TectoFoam: Die neue Generation von Kultursubstraten<\/h3>\n\n\n\n<p>Bei EcoTEXpert beginnt Innovation mit einem tiefen Verst\u00e4ndnis daf\u00fcr, wie Pflanzen wirklich wachsen. Aus dieser Vision entstand&nbsp;TectoFoam&nbsp;\u2013 ein neuartiges Kultursubstrat, das Pflanzen ein ideales Umfeld f\u00fcr Keimung und Wurzelentwicklung bietet. Mit seinen einzigartigen physikalischen und chemischen Eigenschaften schafft TectoFoam ein ausgewogenes, effizientes Wachstumsmedium, das die Pflanzenkultivierung auf ein neues Niveau hebt.<\/p>\n\n\n\n<p>Speziell f\u00fcr die&nbsp;bodenlose Anbautechnologie&nbsp;entwickelt, erm\u00f6glicht TectoFoam eine pr\u00e4zise Steuerung aller wichtigen Umweltfaktoren: N\u00e4hrstoffversorgung, Feuchtigkeit, Bel\u00fcftung und Temperatur. Durch die Stabilisierung dieser Bedingungen f\u00f6rdert TectoFoam ein gleichm\u00e4\u00dfiges Pflanzenwachstum und reduziert gleichzeitig das Risiko von Krankheiten und Sch\u00e4dlingen. Das Ergebnis sind kr\u00e4ftigere Pflanzen, eine h\u00f6here Erntequalit\u00e4t und ein nachhaltigerer Umgang mit nat\u00fcrlichen Ressourcen.<\/p>\n\n\n\n<h3 class=\"wp-block-heading\">funktionsprinzip<\/h3>\n\n\n\n<p>TectoFoam wird aus einem kompakten, leichten Schaumstoff hergestellt, der mit sorgf\u00e4ltig ausgew\u00e4hlten organischen N\u00e4hrstoffen kombiniert wird. Diese Zusammensetzung ergibt ein handliches, leicht zu verarbeitendes Material, das eine starke Keimung und eine gesunde Wurzelbildung unterst\u00fctzt.<\/p>\n\n\n\n<p>Dank seiner stabilen Struktur bietet TectoFoam genau die Balance aus Bel\u00fcftung und Feuchtigkeit, die junge Pflanzen ben\u00f6tigen.<\/p>\n\n\n\n<h3 class=\"wp-block-heading\">wesentliche Merkmale<\/h3>\n\n\n\n<ul class=\"wp-block-list\">\n<li>Frei von sch\u00e4dlichen Viren, Bakterien und Grassamen<\/li>\n\n\n\n<li>Stabile Struktur, ideal f\u00fcr den Langzeiteinsatz<\/li>\n\n\n\n<li>Hoher Gehalt an organischem Material<\/li>\n\n\n\n<li>Leicht und einfach zu handhaben<\/li>\n\n\n\n<li>Pflegeleicht<\/li>\n\n\n\n<li>Biologisch abbaubar<\/li>\n\n\n\n<li>F\u00fcr eine gro\u00dfe Vielfalt an Kulturen geeignet<\/li>\n\n\n\n<li>Erm\u00f6glicht schnelle Erntezyklen<\/li>\n\n\n\n<li>Lange Lebensdauer (8 bis 10 Jahre)<\/li>\n\n\n\n<li>Umweltfreundlich und wirtschaftlich<\/li>\n<\/ul>\n\n\n\n<h3 class=\"wp-block-heading\">technische daten<\/h3>\n\n\n\n<ul class=\"wp-block-list\">\n<li>Organischer Anteil:&nbsp;&gt; 30 %<\/li>\n\n\n\n<li>Wasseraufnahmeverm\u00f6gen:&nbsp;300\u2013500 %&nbsp;des Trockengewichts<\/li>\n\n\n\n<li>Luftgehalt bei Wasserhaltekapazit\u00e4t:&nbsp;20\u201330 %<\/li>\n\n\n\n<li>Sch\u00fcttdichte:&nbsp;0,2 g\/cm\u00b3<\/li>\n\n\n\n<li>EC-Wert:&nbsp;<strong>20<\/strong>0\u2013300 \u00b5S\/cm<\/li>\n\n\n\n<li>pH-Wert:&nbsp;5,6\u20136,6<\/li>\n<\/ul>\n\n\n\n<h3 class=\"wp-block-heading\">ideal f\u00fcr eine Vielzahl von Orchideenarten<\/h3>\n\n\n\n<p>TectoFoam eignet sich besonders f\u00fcr:<br>Paphiopedilum, Phalaenopsis, Dendrobium, Cattleya, chinesische Orchideen, tropische Orchideen\u00a0und viele weitere Arten.<\/p>\n\n\n\n<p>Die atmungsaktive, stabile Struktur macht das Substrat ideal f\u00fcr empfindliche Wurzelsysteme und Kulturen, die eine pr\u00e4zise Steuerung von Wasser- und N\u00e4hrstoffversorgung ben\u00f6tigen.<\/p>\n\n\n\n<h3 class=\"wp-block-heading\">zusammensetzung<\/h3>\n\n\n\n<ul class=\"wp-block-list\">\n<li>Biologisch abbaubarer Schaumstoff:&nbsp;40\u201350 %<\/li>\n\n\n\n<li>Substratkomponenten (z. B. Torf, Kokosfaser):&nbsp;50\u201360 %<\/li>\n<\/ul>\n\n\n\n<h3 class=\"wp-block-heading\">vorteile auf einen Blick<\/h3>\n\n\n\n<ul class=\"wp-block-list\">\n<li>Hervorragende Wasserregulierung und Bel\u00fcftung<\/li>\n\n\n\n<li>Starke Wurzelentwicklung<\/li>\n\n\n\n<li>Keine Bildung von Bakterien oder Schimmel<\/li>\n\n\n\n<li>Optimale Keimung und Pflanzenwachstum<\/li>\n\n\n\n<li>Sauber und hygienisch<\/li>\n\n\n\n<li>Leicht und flexibel formbar<\/li>\n\n\n\n<li>Einfache Handhabung<\/li>\n\n\n\n<li>F\u00fcr vielf\u00e4ltige Anwendungen geeignet<\/li>\n<\/ul>\n<\/div>\n\n\n\n<div class=\"wp-block-column is-vertically-aligned-top is-layout-flow wp-block-column-is-layout-flow\" style=\"flex-basis:50%\">\n<figure class=\"wp-block-image size-full has-custom-border\"><img loading=\"lazy\" decoding=\"async\" width=\"1000\" height=\"667\" src=\"https:\/\/ecotexpert.com\/wp-content\/uploads\/2025\/12\/orchidee-uitleg-1.jpg\" alt=\"\" class=\"wp-image-439\" style=\"border-top-left-radius:25px;border-top-right-radius:25px;border-bottom-left-radius:25px;border-bottom-right-radius:25px\" srcset=\"https:\/\/ecotexpert.com\/wp-content\/uploads\/2025\/12\/orchidee-uitleg-1.jpg 1000w, https:\/\/ecotexpert.com\/wp-content\/uploads\/2025\/12\/orchidee-uitleg-1-300x200.jpg 300w, https:\/\/ecotexpert.com\/wp-content\/uploads\/2025\/12\/orchidee-uitleg-1-768x512.jpg 768w, https:\/\/ecotexpert.com\/wp-content\/uploads\/2025\/12\/orchidee-uitleg-1-150x100.jpg 150w\" sizes=\"auto, (max-width: 1000px) 100vw, 1000px\" \/><\/figure>\n<\/div>\n<\/div>\n<\/div>\n","protected":false},"excerpt":{"rendered":"<p>orchideen-anzuchtschaum TectoFoam: Die neue Generation von Kultursubstraten Bei EcoTEXpert beginnt Innovation mit einem tiefen Verst\u00e4ndnis daf\u00fcr, wie Pflanzen wirklich wachsen. &hellip; <a href=\"https:\/\/ecotexpert.com\/de\/orchideen-anzuchtschaum\/\">Continued<\/a><\/p>\n","protected":false},"author":2,"featured_media":0,"parent":0,"menu_order":0,"comment_status":"closed","ping_status":"closed","template":"","meta":{"_acf_changed":false,"footnotes":""},"class_list":["post-381","page","type-page","status-publish","hentry"],"acf":[],"yoast_head":"<!-- This site is optimized with the Yoast SEO plugin v26.5 - https:\/\/yoast.com\/wordpress\/plugins\/seo\/ -->\n<title>orchideen-anzuchtschaum - ecoTEXpert<\/title>\n<meta name=\"robots\" content=\"index, follow, max-snippet:-1, max-image-preview:large, max-video-preview:-1\" \/>\n<link rel=\"canonical\" href=\"https:\/\/ecotexpert.com\/de\/orchideen-anzuchtschaum\/\" \/>\n<meta property=\"og:locale\" content=\"de_DE\" \/>\n<meta property=\"og:type\" content=\"article\" \/>\n<meta property=\"og:title\" content=\"orchideen-anzuchtschaum - ecoTEXpert\" \/>\n<meta property=\"og:description\" content=\"orchideen-anzuchtschaum TectoFoam: Die neue Generation von Kultursubstraten Bei EcoTEXpert beginnt Innovation mit einem tiefen Verst\u00e4ndnis daf\u00fcr, wie Pflanzen wirklich wachsen. &hellip; Continued\" \/>\n<meta property=\"og:url\" content=\"https:\/\/ecotexpert.com\/de\/orchideen-anzuchtschaum\/\" \/>\n<meta property=\"og:site_name\" content=\"ecoTEXpert\" \/>\n<meta property=\"article:modified_time\" content=\"2026-01-05T14:26:16+00:00\" \/>\n<meta property=\"og:image\" content=\"https:\/\/ecotexpert.com\/wp-content\/uploads\/2025\/12\/orchidee-uitleg-1.jpg\" \/>\n\t<meta property=\"og:image:width\" content=\"1000\" \/>\n\t<meta property=\"og:image:height\" content=\"667\" \/>\n\t<meta property=\"og:image:type\" content=\"image\/jpeg\" \/>\n<meta name=\"twitter:card\" content=\"summary_large_image\" \/>\n<meta name=\"twitter:label1\" content=\"Gesch\u00e4tzte Lesezeit\" \/>\n\t<meta name=\"twitter:data1\" content=\"2\u00a0Minuten\" \/>\n<script type=\"application\/ld+json\" class=\"yoast-schema-graph\">{\"@context\":\"https:\/\/schema.org\",\"@graph\":[{\"@type\":\"WebPage\",\"@id\":\"https:\/\/ecotexpert.com\/de\/orchideen-anzuchtschaum\/\",\"url\":\"https:\/\/ecotexpert.com\/de\/orchideen-anzuchtschaum\/\",\"name\":\"orchideen-anzuchtschaum - ecoTEXpert\",\"isPartOf\":{\"@id\":\"https:\/\/ecotexpert.com\/de\/#website\"},\"primaryImageOfPage\":{\"@id\":\"https:\/\/ecotexpert.com\/de\/orchideen-anzuchtschaum\/#primaryimage\"},\"image\":{\"@id\":\"https:\/\/ecotexpert.com\/de\/orchideen-anzuchtschaum\/#primaryimage\"},\"thumbnailUrl\":\"https:\/\/ecotexpert.com\/wp-content\/uploads\/2025\/12\/orchidee-uitleg-1.jpg\",\"datePublished\":\"2025-12-23T12:24:31+00:00\",\"dateModified\":\"2026-01-05T14:26:16+00:00\",\"breadcrumb\":{\"@id\":\"https:\/\/ecotexpert.com\/de\/orchideen-anzuchtschaum\/#breadcrumb\"},\"inLanguage\":\"de\",\"potentialAction\":[{\"@type\":\"ReadAction\",\"target\":[\"https:\/\/ecotexpert.com\/de\/orchideen-anzuchtschaum\/\"]}]},{\"@type\":\"ImageObject\",\"inLanguage\":\"de\",\"@id\":\"https:\/\/ecotexpert.com\/de\/orchideen-anzuchtschaum\/#primaryimage\",\"url\":\"https:\/\/ecotexpert.com\/wp-content\/uploads\/2025\/12\/orchidee-uitleg-1.jpg\",\"contentUrl\":\"https:\/\/ecotexpert.com\/wp-content\/uploads\/2025\/12\/orchidee-uitleg-1.jpg\"},{\"@type\":\"BreadcrumbList\",\"@id\":\"https:\/\/ecotexpert.com\/de\/orchideen-anzuchtschaum\/#breadcrumb\",\"itemListElement\":[{\"@type\":\"ListItem\",\"position\":1,\"name\":\"Home\",\"item\":\"https:\/\/ecotexpert.com\/de\/\"},{\"@type\":\"ListItem\",\"position\":2,\"name\":\"orchideen-anzuchtschaum\"}]},{\"@type\":\"WebSite\",\"@id\":\"https:\/\/ecotexpert.com\/de\/#website\",\"url\":\"https:\/\/ecotexpert.com\/de\/\",\"name\":\"ecoTEXpert\",\"description\":\"\",\"publisher\":{\"@id\":\"https:\/\/ecotexpert.com\/de\/#organization\"},\"potentialAction\":[{\"@type\":\"SearchAction\",\"target\":{\"@type\":\"EntryPoint\",\"urlTemplate\":\"https:\/\/ecotexpert.com\/de\/?s={search_term_string}\"},\"query-input\":{\"@type\":\"PropertyValueSpecification\",\"valueRequired\":true,\"valueName\":\"search_term_string\"}}],\"inLanguage\":\"de\"},{\"@type\":\"Organization\",\"@id\":\"https:\/\/ecotexpert.com\/de\/#organization\",\"name\":\"ecoTEXpert\",\"url\":\"https:\/\/ecotexpert.com\/de\/\",\"logo\":{\"@type\":\"ImageObject\",\"inLanguage\":\"de\",\"@id\":\"https:\/\/ecotexpert.com\/de\/#\/schema\/logo\/image\/\",\"url\":\"https:\/\/ecotexpert.com\/wp-content\/uploads\/2025\/12\/logo.svg\",\"contentUrl\":\"https:\/\/ecotexpert.com\/wp-content\/uploads\/2025\/12\/logo.svg\",\"caption\":\"ecoTEXpert\"},\"image\":{\"@id\":\"https:\/\/ecotexpert.com\/de\/#\/schema\/logo\/image\/\"}}]}<\/script>\n<!-- \/ Yoast SEO plugin. -->","yoast_head_json":{"title":"orchideen-anzuchtschaum - ecoTEXpert","robots":{"index":"index","follow":"follow","max-snippet":"max-snippet:-1","max-image-preview":"max-image-preview:large","max-video-preview":"max-video-preview:-1"},"canonical":"https:\/\/ecotexpert.com\/de\/orchideen-anzuchtschaum\/","og_locale":"de_DE","og_type":"article","og_title":"orchideen-anzuchtschaum - ecoTEXpert","og_description":"orchideen-anzuchtschaum TectoFoam: Die neue Generation von Kultursubstraten Bei EcoTEXpert beginnt Innovation mit einem tiefen Verst\u00e4ndnis daf\u00fcr, wie Pflanzen wirklich wachsen. &hellip; Continued","og_url":"https:\/\/ecotexpert.com\/de\/orchideen-anzuchtschaum\/","og_site_name":"ecoTEXpert","article_modified_time":"2026-01-05T14:26:16+00:00","og_image":[{"width":1000,"height":667,"url":"https:\/\/ecotexpert.com\/wp-content\/uploads\/2025\/12\/orchidee-uitleg-1.jpg","type":"image\/jpeg"}],"twitter_card":"summary_large_image","twitter_misc":{"Gesch\u00e4tzte Lesezeit":"2\u00a0Minuten"},"schema":{"@context":"https:\/\/schema.org","@graph":[{"@type":"WebPage","@id":"https:\/\/ecotexpert.com\/de\/orchideen-anzuchtschaum\/","url":"https:\/\/ecotexpert.com\/de\/orchideen-anzuchtschaum\/","name":"orchideen-anzuchtschaum - ecoTEXpert","isPartOf":{"@id":"https:\/\/ecotexpert.com\/de\/#website"},"primaryImageOfPage":{"@id":"https:\/\/ecotexpert.com\/de\/orchideen-anzuchtschaum\/#primaryimage"},"image":{"@id":"https:\/\/ecotexpert.com\/de\/orchideen-anzuchtschaum\/#primaryimage"},"thumbnailUrl":"https:\/\/ecotexpert.com\/wp-content\/uploads\/2025\/12\/orchidee-uitleg-1.jpg","datePublished":"2025-12-23T12:24:31+00:00","dateModified":"2026-01-05T14:26:16+00:00","breadcrumb":{"@id":"https:\/\/ecotexpert.com\/de\/orchideen-anzuchtschaum\/#breadcrumb"},"inLanguage":"de","potentialAction":[{"@type":"ReadAction","target":["https:\/\/ecotexpert.com\/de\/orchideen-anzuchtschaum\/"]}]},{"@type":"ImageObject","inLanguage":"de","@id":"https:\/\/ecotexpert.com\/de\/orchideen-anzuchtschaum\/#primaryimage","url":"https:\/\/ecotexpert.com\/wp-content\/uploads\/2025\/12\/orchidee-uitleg-1.jpg","contentUrl":"https:\/\/ecotexpert.com\/wp-content\/uploads\/2025\/12\/orchidee-uitleg-1.jpg"},{"@type":"BreadcrumbList","@id":"https:\/\/ecotexpert.com\/de\/orchideen-anzuchtschaum\/#breadcrumb","itemListElement":[{"@type":"ListItem","position":1,"name":"Home","item":"https:\/\/ecotexpert.com\/de\/"},{"@type":"ListItem","position":2,"name":"orchideen-anzuchtschaum"}]},{"@type":"WebSite","@id":"https:\/\/ecotexpert.com\/de\/#website","url":"https:\/\/ecotexpert.com\/de\/","name":"ecoTEXpert","description":"","publisher":{"@id":"https:\/\/ecotexpert.com\/de\/#organization"},"potentialAction":[{"@type":"SearchAction","target":{"@type":"EntryPoint","urlTemplate":"https:\/\/ecotexpert.com\/de\/?s={search_term_string}"},"query-input":{"@type":"PropertyValueSpecification","valueRequired":true,"valueName":"search_term_string"}}],"inLanguage":"de"},{"@type":"Organization","@id":"https:\/\/ecotexpert.com\/de\/#organization","name":"ecoTEXpert","url":"https:\/\/ecotexpert.com\/de\/","logo":{"@type":"ImageObject","inLanguage":"de","@id":"https:\/\/ecotexpert.com\/de\/#\/schema\/logo\/image\/","url":"https:\/\/ecotexpert.com\/wp-content\/uploads\/2025\/12\/logo.svg","contentUrl":"https:\/\/ecotexpert.com\/wp-content\/uploads\/2025\/12\/logo.svg","caption":"ecoTEXpert"},"image":{"@id":"https:\/\/ecotexpert.com\/de\/#\/schema\/logo\/image\/"}}]}},"_links":{"self":[{"href":"https:\/\/ecotexpert.com\/de\/wp-json\/wp\/v2\/pages\/381","targetHints":{"allow":["GET"]}}],"collection":[{"href":"https:\/\/ecotexpert.com\/de\/wp-json\/wp\/v2\/pages"}],"about":[{"href":"https:\/\/ecotexpert.com\/de\/wp-json\/wp\/v2\/types\/page"}],"author":[{"embeddable":true,"href":"https:\/\/ecotexpert.com\/de\/wp-json\/wp\/v2\/users\/2"}],"replies":[{"embeddable":true,"href":"https:\/\/ecotexpert.com\/de\/wp-json\/wp\/v2\/comments?post=381"}],"version-history":[{"count":8,"href":"https:\/\/ecotexpert.com\/de\/wp-json\/wp\/v2\/pages\/381\/revisions"}],"predecessor-version":[{"id":466,"href":"https:\/\/ecotexpert.com\/de\/wp-json\/wp\/v2\/pages\/381\/revisions\/466"}],"wp:attachment":[{"href":"https:\/\/ecotexpert.com\/de\/wp-json\/wp\/v2\/media?parent=381"}],"curies":[{"name":"wp","href":"https:\/\/api.w.org\/{rel}","templated":true}]}}