  {"id":393,"date":"2025-12-08T15:33:35","date_gmt":"2025-12-08T15:33:35","guid":{"rendered":"https:\/\/ecotexpert.com\/over-ons-duits\/"},"modified":"2026-01-05T14:26:17","modified_gmt":"2026-01-05T14:26:17","slug":"over-ons-duits","status":"publish","type":"page","link":"https:\/\/ecotexpert.com\/de\/over-ons-duits\/","title":{"rendered":"\u00fcber uns"},"content":{"rendered":"\n<div class=\"wp-block-group has-global-padding is-layout-constrained wp-block-group-is-layout-constrained\" style=\"padding-top:var(--wp--preset--spacing--80);padding-bottom:var(--wp--preset--spacing--80)\">\n<div class=\"wp-block-columns are-vertically-aligned-top is-layout-flex wp-container-core-columns-is-layout-28f84493 wp-block-columns-is-layout-flex\" style=\"border-top-left-radius:0px;border-top-right-radius:0px;border-bottom-left-radius:0px;border-bottom-right-radius:0px\">\n<div class=\"wp-block-column is-vertically-aligned-top is-layout-flow wp-block-column-is-layout-flow\" style=\"flex-basis:50%\">\n<p id=\"headings\"><\/p>\n\n\n\n<h2 class=\"wp-block-heading\" style=\"margin-top:0;margin-bottom:var(--wp--preset--spacing--60)\">\u00fcber uns<\/h2>\n\n\n\n<p>Orchideenz\u00fcchter wissen, dass Orchideen besondere Pflege ben\u00f6tigen. Tectofoam Orchid Plugs wurden speziell entwickelt, um ein gesundes und gleichm\u00e4\u00dfiges Orchideenwachstum zu unterst\u00fctzen. Die offene Struktur sorgt f\u00fcr eine hervorragende Bel\u00fcftung, auch direkt nach der Bew\u00e4sserung, und verhindert Staun\u00e4sse. So entsteht das ideale Gleichgewicht: nicht zu nass und nicht zu trocken.<\/p>\n\n\n\n<p>Die Oberseite des Plugs bleibt trocken und hilft, Moos und Algenwachstum zu reduzieren \u2013 f\u00fcr eine saubere Kultur. Dieses hochwertige Kultursubstrat wurde auf Basis jahrelanger Erfahrung entwickelt und f\u00f6rdert eine starke Wurzelbildung sowie eine gleichbleibend hohe Pflanzenqualit\u00e4t.<\/p>\n<\/div>\n\n\n\n<div class=\"wp-block-column is-vertically-aligned-top is-layout-flow wp-block-column-is-layout-flow\" style=\"flex-basis:50%\">\n<figure class=\"wp-block-image size-full has-custom-border\"><img loading=\"lazy\" decoding=\"async\" width=\"1000\" height=\"667\" src=\"https:\/\/ecotexpert.com\/wp-content\/uploads\/2025\/12\/kantoor.jpg\" alt=\"\" class=\"wp-image-135\" style=\"border-top-left-radius:25px;border-top-right-radius:25px;border-bottom-left-radius:25px;border-bottom-right-radius:25px\" srcset=\"https:\/\/ecotexpert.com\/wp-content\/uploads\/2025\/12\/kantoor.jpg 1000w, https:\/\/ecotexpert.com\/wp-content\/uploads\/2025\/12\/kantoor-300x200.jpg 300w, https:\/\/ecotexpert.com\/wp-content\/uploads\/2025\/12\/kantoor-768x512.jpg 768w, https:\/\/ecotexpert.com\/wp-content\/uploads\/2025\/12\/kantoor-150x100.jpg 150w\" sizes=\"auto, (max-width: 1000px) 100vw, 1000px\" \/><\/figure>\n<\/div>\n<\/div>\n<\/div>\n","protected":false},"excerpt":{"rendered":"<p>\u00fcber uns Orchideenz\u00fcchter wissen, dass Orchideen besondere Pflege ben\u00f6tigen. Tectofoam Orchid Plugs wurden speziell entwickelt, um ein gesundes und gleichm\u00e4\u00dfiges &hellip; <a href=\"https:\/\/ecotexpert.com\/de\/over-ons-duits\/\">Continued<\/a><\/p>\n","protected":false},"author":2,"featured_media":0,"parent":0,"menu_order":0,"comment_status":"closed","ping_status":"closed","template":"","meta":{"_acf_changed":false,"footnotes":""},"class_list":["post-393","page","type-page","status-publish","hentry"],"acf":[],"yoast_head":"<!-- This site is optimized with the Yoast SEO plugin v26.5 - https:\/\/yoast.com\/wordpress\/plugins\/seo\/ -->\n<title>\u00fcber uns - ecoTEXpert<\/title>\n<meta name=\"robots\" content=\"index, follow, max-snippet:-1, max-image-preview:large, max-video-preview:-1\" \/>\n<link rel=\"canonical\" href=\"https:\/\/ecotexpert.com\/de\/over-ons-duits\/\" \/>\n<meta property=\"og:locale\" content=\"de_DE\" \/>\n<meta property=\"og:type\" content=\"article\" \/>\n<meta property=\"og:title\" content=\"\u00fcber uns - ecoTEXpert\" \/>\n<meta property=\"og:description\" content=\"\u00fcber uns Orchideenz\u00fcchter wissen, dass Orchideen besondere Pflege ben\u00f6tigen. Tectofoam Orchid Plugs wurden speziell entwickelt, um ein gesundes und gleichm\u00e4\u00dfiges &hellip; Continued\" \/>\n<meta property=\"og:url\" content=\"https:\/\/ecotexpert.com\/de\/over-ons-duits\/\" \/>\n<meta property=\"og:site_name\" content=\"ecoTEXpert\" \/>\n<meta property=\"article:modified_time\" content=\"2026-01-05T14:26:17+00:00\" \/>\n<meta property=\"og:image\" content=\"https:\/\/ecotexpert.com\/wp-content\/uploads\/2025\/12\/kantoor.jpg\" \/>\n\t<meta property=\"og:image:width\" content=\"1000\" \/>\n\t<meta property=\"og:image:height\" content=\"667\" \/>\n\t<meta property=\"og:image:type\" content=\"image\/jpeg\" \/>\n<meta name=\"twitter:card\" content=\"summary_large_image\" \/>\n<meta name=\"twitter:label1\" content=\"Gesch\u00e4tzte Lesezeit\" \/>\n\t<meta name=\"twitter:data1\" content=\"1\u00a0Minute\" \/>\n<script type=\"application\/ld+json\" class=\"yoast-schema-graph\">{\"@context\":\"https:\/\/schema.org\",\"@graph\":[{\"@type\":\"WebPage\",\"@id\":\"https:\/\/ecotexpert.com\/de\/over-ons-duits\/\",\"url\":\"https:\/\/ecotexpert.com\/de\/over-ons-duits\/\",\"name\":\"\u00fcber uns - ecoTEXpert\",\"isPartOf\":{\"@id\":\"https:\/\/ecotexpert.com\/de\/#website\"},\"primaryImageOfPage\":{\"@id\":\"https:\/\/ecotexpert.com\/de\/over-ons-duits\/#primaryimage\"},\"image\":{\"@id\":\"https:\/\/ecotexpert.com\/de\/over-ons-duits\/#primaryimage\"},\"thumbnailUrl\":\"https:\/\/ecotexpert.com\/wp-content\/uploads\/2025\/12\/kantoor.jpg\",\"datePublished\":\"2025-12-08T15:33:35+00:00\",\"dateModified\":\"2026-01-05T14:26:17+00:00\",\"breadcrumb\":{\"@id\":\"https:\/\/ecotexpert.com\/de\/over-ons-duits\/#breadcrumb\"},\"inLanguage\":\"de\",\"potentialAction\":[{\"@type\":\"ReadAction\",\"target\":[\"https:\/\/ecotexpert.com\/de\/over-ons-duits\/\"]}]},{\"@type\":\"ImageObject\",\"inLanguage\":\"de\",\"@id\":\"https:\/\/ecotexpert.com\/de\/over-ons-duits\/#primaryimage\",\"url\":\"https:\/\/ecotexpert.com\/wp-content\/uploads\/2025\/12\/kantoor.jpg\",\"contentUrl\":\"https:\/\/ecotexpert.com\/wp-content\/uploads\/2025\/12\/kantoor.jpg\"},{\"@type\":\"BreadcrumbList\",\"@id\":\"https:\/\/ecotexpert.com\/de\/over-ons-duits\/#breadcrumb\",\"itemListElement\":[{\"@type\":\"ListItem\",\"position\":1,\"name\":\"Home\",\"item\":\"https:\/\/ecotexpert.com\/de\/\"},{\"@type\":\"ListItem\",\"position\":2,\"name\":\"\u00fcber uns\"}]},{\"@type\":\"WebSite\",\"@id\":\"https:\/\/ecotexpert.com\/de\/#website\",\"url\":\"https:\/\/ecotexpert.com\/de\/\",\"name\":\"ecoTEXpert\",\"description\":\"\",\"publisher\":{\"@id\":\"https:\/\/ecotexpert.com\/de\/#organization\"},\"potentialAction\":[{\"@type\":\"SearchAction\",\"target\":{\"@type\":\"EntryPoint\",\"urlTemplate\":\"https:\/\/ecotexpert.com\/de\/?s={search_term_string}\"},\"query-input\":{\"@type\":\"PropertyValueSpecification\",\"valueRequired\":true,\"valueName\":\"search_term_string\"}}],\"inLanguage\":\"de\"},{\"@type\":\"Organization\",\"@id\":\"https:\/\/ecotexpert.com\/de\/#organization\",\"name\":\"ecoTEXpert\",\"url\":\"https:\/\/ecotexpert.com\/de\/\",\"logo\":{\"@type\":\"ImageObject\",\"inLanguage\":\"de\",\"@id\":\"https:\/\/ecotexpert.com\/de\/#\/schema\/logo\/image\/\",\"url\":\"https:\/\/ecotexpert.com\/wp-content\/uploads\/2025\/12\/logo.svg\",\"contentUrl\":\"https:\/\/ecotexpert.com\/wp-content\/uploads\/2025\/12\/logo.svg\",\"caption\":\"ecoTEXpert\"},\"image\":{\"@id\":\"https:\/\/ecotexpert.com\/de\/#\/schema\/logo\/image\/\"}}]}<\/script>\n<!-- \/ Yoast SEO plugin. -->","yoast_head_json":{"title":"\u00fcber uns - ecoTEXpert","robots":{"index":"index","follow":"follow","max-snippet":"max-snippet:-1","max-image-preview":"max-image-preview:large","max-video-preview":"max-video-preview:-1"},"canonical":"https:\/\/ecotexpert.com\/de\/over-ons-duits\/","og_locale":"de_DE","og_type":"article","og_title":"\u00fcber uns - ecoTEXpert","og_description":"\u00fcber uns Orchideenz\u00fcchter wissen, dass Orchideen besondere Pflege ben\u00f6tigen. Tectofoam Orchid Plugs wurden speziell entwickelt, um ein gesundes und gleichm\u00e4\u00dfiges &hellip; Continued","og_url":"https:\/\/ecotexpert.com\/de\/over-ons-duits\/","og_site_name":"ecoTEXpert","article_modified_time":"2026-01-05T14:26:17+00:00","og_image":[{"width":1000,"height":667,"url":"https:\/\/ecotexpert.com\/wp-content\/uploads\/2025\/12\/kantoor.jpg","type":"image\/jpeg"}],"twitter_card":"summary_large_image","twitter_misc":{"Gesch\u00e4tzte Lesezeit":"1\u00a0Minute"},"schema":{"@context":"https:\/\/schema.org","@graph":[{"@type":"WebPage","@id":"https:\/\/ecotexpert.com\/de\/over-ons-duits\/","url":"https:\/\/ecotexpert.com\/de\/over-ons-duits\/","name":"\u00fcber uns - ecoTEXpert","isPartOf":{"@id":"https:\/\/ecotexpert.com\/de\/#website"},"primaryImageOfPage":{"@id":"https:\/\/ecotexpert.com\/de\/over-ons-duits\/#primaryimage"},"image":{"@id":"https:\/\/ecotexpert.com\/de\/over-ons-duits\/#primaryimage"},"thumbnailUrl":"https:\/\/ecotexpert.com\/wp-content\/uploads\/2025\/12\/kantoor.jpg","datePublished":"2025-12-08T15:33:35+00:00","dateModified":"2026-01-05T14:26:17+00:00","breadcrumb":{"@id":"https:\/\/ecotexpert.com\/de\/over-ons-duits\/#breadcrumb"},"inLanguage":"de","potentialAction":[{"@type":"ReadAction","target":["https:\/\/ecotexpert.com\/de\/over-ons-duits\/"]}]},{"@type":"ImageObject","inLanguage":"de","@id":"https:\/\/ecotexpert.com\/de\/over-ons-duits\/#primaryimage","url":"https:\/\/ecotexpert.com\/wp-content\/uploads\/2025\/12\/kantoor.jpg","contentUrl":"https:\/\/ecotexpert.com\/wp-content\/uploads\/2025\/12\/kantoor.jpg"},{"@type":"BreadcrumbList","@id":"https:\/\/ecotexpert.com\/de\/over-ons-duits\/#breadcrumb","itemListElement":[{"@type":"ListItem","position":1,"name":"Home","item":"https:\/\/ecotexpert.com\/de\/"},{"@type":"ListItem","position":2,"name":"\u00fcber uns"}]},{"@type":"WebSite","@id":"https:\/\/ecotexpert.com\/de\/#website","url":"https:\/\/ecotexpert.com\/de\/","name":"ecoTEXpert","description":"","publisher":{"@id":"https:\/\/ecotexpert.com\/de\/#organization"},"potentialAction":[{"@type":"SearchAction","target":{"@type":"EntryPoint","urlTemplate":"https:\/\/ecotexpert.com\/de\/?s={search_term_string}"},"query-input":{"@type":"PropertyValueSpecification","valueRequired":true,"valueName":"search_term_string"}}],"inLanguage":"de"},{"@type":"Organization","@id":"https:\/\/ecotexpert.com\/de\/#organization","name":"ecoTEXpert","url":"https:\/\/ecotexpert.com\/de\/","logo":{"@type":"ImageObject","inLanguage":"de","@id":"https:\/\/ecotexpert.com\/de\/#\/schema\/logo\/image\/","url":"https:\/\/ecotexpert.com\/wp-content\/uploads\/2025\/12\/logo.svg","contentUrl":"https:\/\/ecotexpert.com\/wp-content\/uploads\/2025\/12\/logo.svg","caption":"ecoTEXpert"},"image":{"@id":"https:\/\/ecotexpert.com\/de\/#\/schema\/logo\/image\/"}}]}},"_links":{"self":[{"href":"https:\/\/ecotexpert.com\/de\/wp-json\/wp\/v2\/pages\/393","targetHints":{"allow":["GET"]}}],"collection":[{"href":"https:\/\/ecotexpert.com\/de\/wp-json\/wp\/v2\/pages"}],"about":[{"href":"https:\/\/ecotexpert.com\/de\/wp-json\/wp\/v2\/types\/page"}],"author":[{"embeddable":true,"href":"https:\/\/ecotexpert.com\/de\/wp-json\/wp\/v2\/users\/2"}],"replies":[{"embeddable":true,"href":"https:\/\/ecotexpert.com\/de\/wp-json\/wp\/v2\/comments?post=393"}],"version-history":[{"count":5,"href":"https:\/\/ecotexpert.com\/de\/wp-json\/wp\/v2\/pages\/393\/revisions"}],"predecessor-version":[{"id":406,"href":"https:\/\/ecotexpert.com\/de\/wp-json\/wp\/v2\/pages\/393\/revisions\/406"}],"wp:attachment":[{"href":"https:\/\/ecotexpert.com\/de\/wp-json\/wp\/v2\/media?parent=393"}],"curies":[{"name":"wp","href":"https:\/\/api.w.org\/{rel}","templated":true}]}}