  {"id":412,"date":"2025-12-23T12:37:46","date_gmt":"2025-12-23T12:37:46","guid":{"rendered":"https:\/\/ecotexpert.com\/industrieel-composteerbaar-groeischuim-voor-groentes-duits\/"},"modified":"2026-01-05T14:26:16","modified_gmt":"2026-01-05T14:26:16","slug":"industrieel-composteerbaar-groeischuim-voor-groentes-duits","status":"publish","type":"page","link":"https:\/\/ecotexpert.com\/de\/industrieel-composteerbaar-groeischuim-voor-groentes-duits\/","title":{"rendered":"industriell kompostierbarer Wachstumsschaum f\u00fcr Gem\u00fcseindustrieel composteerbaar groeischuim voor groentes duits"},"content":{"rendered":"\n<div class=\"wp-block-group has-global-padding is-layout-constrained wp-block-group-is-layout-constrained\" style=\"padding-top:var(--wp--preset--spacing--80);padding-bottom:var(--wp--preset--spacing--80)\">\n<div class=\"wp-block-columns are-vertically-aligned-top is-layout-flex wp-container-core-columns-is-layout-28f84493 wp-block-columns-is-layout-flex\" style=\"border-top-left-radius:0px;border-top-right-radius:0px;border-bottom-left-radius:0px;border-bottom-right-radius:0px\">\n<div class=\"wp-block-column is-vertically-aligned-top is-layout-flow wp-block-column-is-layout-flow\" style=\"flex-basis:50%\">\n<p id=\"headings\"><\/p>\n\n\n\n<h2 class=\"wp-block-heading\" style=\"margin-top:0;margin-bottom:var(--wp--preset--spacing--60)\">industriell kompostierbarer Wachstumsschaum f\u00fcr Gem\u00fcse<\/h2>\n\n\n\n<h3 class=\"wp-block-heading\">tectofoam orchidee plugs<\/h3>\n\n\n\n<p>Gem\u00fcse in Hydrokultur ben\u00f6tigt einen stabilen und luftigen Untergrund. Tectofoam-Plugs wurden speziell f\u00fcr die optimale Unterst\u00fctzung junger Pflanzen entwickelt. Dank ihrer offenen Struktur bleibt das Substrat auch direkt nach dem Gie\u00dfen gut bel\u00fcftet, wodurch Staun\u00e4sse vermieden und die Wurzeln gesund gehalten werden.<\/p>\n\n\n\n<p>Die Oberseite des Plugs bleibt trocken, was Moos- und Algenbildung vorbeugt und f\u00fcr eine sauberere Kultivierung sorgt. Das hochwertige Substrat, entwickelt mit jahrelanger Erfahrung, bietet eine zuverl\u00e4ssige Grundlage f\u00fcr kr\u00e4ftiges Wurzelwachstum und gleichm\u00e4\u00dfige Ertr\u00e4ge.<\/p>\n\n\n\n<p>Das Substrat ist auf die optimalen pH- und EC-Werte f\u00fcr einen optimalen Start Ihrer Pflanzen abgestimmt.<\/p>\n\n\n\n<p>Die Plugs bleiben w\u00e4hrend der gesamten Wachstumsperiode intakt und zerfallen nicht. Dadurch bleiben das Gie\u00dfwasser und die Pflanze frei von Kompost. Die Pflanzenwurzeln k\u00f6nnen zusammen mit dem verbleibenden Tectofoam-Wachstumsschaum industriell kompostiert werden.<\/p>\n\n\n\n<h3 class=\"wp-block-heading\">technisches prinzip<\/h3>\n\n\n\n<p>TectoFoam wird aus einem kompakten Schaumstoff in Kombination mit sorgf\u00e4ltig ausgew\u00e4hlten organischen N\u00e4hrstoffen hergestellt. Das Material ist leicht, handlich und f\u00f6rdert gesundes Keimen und optimale Wurzelentwicklung.<\/p>\n\n\n\n<h3 class=\"wp-block-heading\">eigenschaften von TectoFoam<\/h3>\n\n\n\n<ul class=\"wp-block-list\">\n<li>Frei von sch\u00e4dlichen Viren, Bakterien und Grassamen<\/li>\n\n\n\n<li>Stabile Struktur, geeignet f\u00fcr den Langzeiteinsatz<\/li>\n\n\n\n<li>Reich an organischer Substanz<\/li>\n\n\n\n<li>Optimale Bel\u00fcftung<\/li>\n\n\n\n<li>Leicht und einfach zu handhaben<\/li>\n\n\n\n<li>Pflegeleicht<\/li>\n\n\n\n<li>Biologisch abbaubar \/ industriell kompostierbar<\/li>\n\n\n\n<li>Geeignet f\u00fcr eine Vielzahl von Kulturen<\/li>\n\n\n\n<li>Gew\u00e4hrleistet hohe Ernteertr\u00e4ge<\/li>\n\n\n\n<li>Wirtschaftlich und umweltfreundlich<\/li>\n<\/ul>\n\n\n\n<h3 class=\"wp-block-heading\">Belangrijkste parameters<\/h3>\n\n\n\n<ul class=\"wp-block-list\">\n<li>Gehalt an organischer Substanz: > 30 %<\/li>\n\n\n\n<li>Wasseraufnahmekapazit\u00e4t: 300\u2013500 % des Trockengewichts<\/li>\n\n\n\n<li>Luftgehalt bei Wassers\u00e4ttigung: 20\u201330 %<\/li>\n\n\n\n<li>Sch\u00fcttdichte: 0,2 g\/cm\u00b3<\/li>\n\n\n\n<li>Leitf\u00e4higkeit (EC): 200\u2013300 \u00b5S\/cm<\/li>\n\n\n\n<li>pH-Wert: 5,6\u20136,6<\/li>\n<\/ul>\n\n\n\n<h3 class=\"wp-block-heading\">anwendungsbereiche<\/h3>\n\n\n\n<p>TectoFoam eignet sich besonders f\u00fcr:<\/p>\n\n\n\n<h5 class=\"wp-block-heading\">Blattgem\u00fcse:<\/h5>\n\n\n\n<ul class=\"wp-block-list\">\n<li>Kopfsalat (Kopfsalat, R\u00f6mersalat, Butterkopfsalat)<\/li>\n\n\n\n<li>Spinat<\/li>\n\n\n\n<li>Rucola<\/li>\n\n\n\n<li>Endivien<\/li>\n\n\n\n<li>Fruchtgem\u00fcse:<\/li>\n\n\n\n<li>Tomaten<\/li>\n\n\n\n<li>Gurken<\/li>\n\n\n\n<li>Paprika<\/li>\n\n\n\n<li>Auberginen<\/li>\n\n\n\n<li>Kletter- und St\u00e4ngelgem\u00fcse:<\/li>\n\n\n\n<li>Bohnen<\/li>\n\n\n\n<li>Erbsen<\/li>\n\n\n\n<li>Zucchini (in einigen Systemen)<\/li>\n\n\n\n<li>Kr\u00e4uter und Microgreens:<\/li>\n\n\n\n<li>Basilikum<\/li>\n\n\n\n<li>Petersilie<\/li>\n\n\n\n<li>Verschiedene Microgreens (Radieschen, Brokkoli, Rote Bete)<\/li>\n<\/ul>\n\n\n\n<h4 class=\"wp-block-heading\">zusammensetzung<\/h4>\n\n\n\n<ul class=\"wp-block-list\">\n<li>Industriell kompostierbarer Schaumstoff: 40\u201350 %<\/li>\n\n\n\n<li>Substrat (z. B. Torf oder Kokosfaser): 50\u201360 %<\/li>\n<\/ul>\n\n\n\n<h4 class=\"wp-block-heading\">vorteile<\/h4>\n\n\n\n<ul class=\"wp-block-list\">\n<li>Wasserregulierend und atmungsaktiv<\/li>\n\n\n\n<li>F\u00f6rdert eine starke Wurzelbildung<\/li>\n\n\n\n<li>Verhindert Bakterien- und Pilzwachstum<\/li>\n\n\n\n<li>Unterst\u00fctzt optimale Keimung und Pflanzenwachstum<\/li>\n\n\n\n<li>Sauber und hygienisch<\/li>\n\n\n\n<li>Leicht<\/li>\n\n\n\n<li>Nach Bedarf formbar<\/li>\n\n\n\n<li>Einfach zu formen Anwendungsbereiche<\/li>\n\n\n\n<li>Geeignet f\u00fcr verschiedene Anwendungen<\/li>\n\n\n\n<li>Der Wachstumsschaum kann zusammen mit pflanzlichen Abf\u00e4llen industriell kompostiert werden.<\/li>\n<\/ul>\n<\/div>\n\n\n\n<div class=\"wp-block-column is-vertically-aligned-top is-layout-flow wp-block-column-is-layout-flow\" style=\"flex-basis:50%\">\n<figure class=\"wp-block-image size-full has-custom-border\"><img loading=\"lazy\" decoding=\"async\" width=\"1000\" height=\"667\" src=\"https:\/\/ecotexpert.com\/wp-content\/uploads\/2025\/12\/sla-verbouwen.jpg\" alt=\"\" class=\"wp-image-284\" style=\"border-top-left-radius:25px;border-top-right-radius:25px;border-bottom-left-radius:25px;border-bottom-right-radius:25px\" srcset=\"https:\/\/ecotexpert.com\/wp-content\/uploads\/2025\/12\/sla-verbouwen.jpg 1000w, https:\/\/ecotexpert.com\/wp-content\/uploads\/2025\/12\/sla-verbouwen-300x200.jpg 300w, https:\/\/ecotexpert.com\/wp-content\/uploads\/2025\/12\/sla-verbouwen-768x512.jpg 768w, https:\/\/ecotexpert.com\/wp-content\/uploads\/2025\/12\/sla-verbouwen-150x100.jpg 150w\" sizes=\"auto, (max-width: 1000px) 100vw, 1000px\" \/><\/figure>\n<\/div>\n<\/div>\n<\/div>\n","protected":false},"excerpt":{"rendered":"<p>industriell kompostierbarer Wachstumsschaum f\u00fcr Gem\u00fcse tectofoam orchidee plugs Gem\u00fcse in Hydrokultur ben\u00f6tigt einen stabilen und luftigen Untergrund. Tectofoam-Plugs wurden speziell &hellip; <a href=\"https:\/\/ecotexpert.com\/de\/industrieel-composteerbaar-groeischuim-voor-groentes-duits\/\">Continued<\/a><\/p>\n","protected":false},"author":2,"featured_media":0,"parent":0,"menu_order":0,"comment_status":"closed","ping_status":"closed","template":"","meta":{"_acf_changed":false,"footnotes":""},"class_list":["post-412","page","type-page","status-publish","hentry"],"acf":[],"yoast_head":"<!-- This site is optimized with the Yoast SEO plugin v26.5 - https:\/\/yoast.com\/wordpress\/plugins\/seo\/ -->\n<title>industriell kompostierbarer Wachstumsschaum f\u00fcr Gem\u00fcseindustrieel composteerbaar groeischuim voor groentes duits - ecoTEXpert<\/title>\n<meta name=\"robots\" content=\"index, follow, max-snippet:-1, max-image-preview:large, max-video-preview:-1\" \/>\n<link rel=\"canonical\" href=\"https:\/\/ecotexpert.com\/de\/industrieel-composteerbaar-groeischuim-voor-groentes-duits\/\" \/>\n<meta property=\"og:locale\" content=\"de_DE\" \/>\n<meta property=\"og:type\" content=\"article\" \/>\n<meta property=\"og:title\" content=\"industriell kompostierbarer Wachstumsschaum f\u00fcr Gem\u00fcseindustrieel composteerbaar groeischuim voor groentes duits - ecoTEXpert\" \/>\n<meta property=\"og:description\" content=\"industriell kompostierbarer Wachstumsschaum f\u00fcr Gem\u00fcse tectofoam orchidee plugs Gem\u00fcse in Hydrokultur ben\u00f6tigt einen stabilen und luftigen Untergrund. Tectofoam-Plugs wurden speziell &hellip; Continued\" \/>\n<meta property=\"og:url\" content=\"https:\/\/ecotexpert.com\/de\/industrieel-composteerbaar-groeischuim-voor-groentes-duits\/\" \/>\n<meta property=\"og:site_name\" content=\"ecoTEXpert\" \/>\n<meta property=\"article:modified_time\" content=\"2026-01-05T14:26:16+00:00\" \/>\n<meta property=\"og:image\" content=\"https:\/\/ecotexpert.com\/wp-content\/uploads\/2025\/12\/sla-verbouwen.jpg\" \/>\n\t<meta property=\"og:image:width\" content=\"1000\" \/>\n\t<meta property=\"og:image:height\" content=\"667\" \/>\n\t<meta property=\"og:image:type\" content=\"image\/jpeg\" \/>\n<meta name=\"twitter:card\" content=\"summary_large_image\" \/>\n<meta name=\"twitter:label1\" content=\"Gesch\u00e4tzte Lesezeit\" \/>\n\t<meta name=\"twitter:data1\" content=\"2\u00a0Minuten\" \/>\n<script type=\"application\/ld+json\" class=\"yoast-schema-graph\">{\"@context\":\"https:\/\/schema.org\",\"@graph\":[{\"@type\":\"WebPage\",\"@id\":\"https:\/\/ecotexpert.com\/de\/industrieel-composteerbaar-groeischuim-voor-groentes-duits\/\",\"url\":\"https:\/\/ecotexpert.com\/de\/industrieel-composteerbaar-groeischuim-voor-groentes-duits\/\",\"name\":\"industriell kompostierbarer Wachstumsschaum f\u00fcr Gem\u00fcseindustrieel composteerbaar groeischuim voor groentes duits - ecoTEXpert\",\"isPartOf\":{\"@id\":\"https:\/\/ecotexpert.com\/de\/#website\"},\"primaryImageOfPage\":{\"@id\":\"https:\/\/ecotexpert.com\/de\/industrieel-composteerbaar-groeischuim-voor-groentes-duits\/#primaryimage\"},\"image\":{\"@id\":\"https:\/\/ecotexpert.com\/de\/industrieel-composteerbaar-groeischuim-voor-groentes-duits\/#primaryimage\"},\"thumbnailUrl\":\"https:\/\/ecotexpert.com\/wp-content\/uploads\/2025\/12\/sla-verbouwen.jpg\",\"datePublished\":\"2025-12-23T12:37:46+00:00\",\"dateModified\":\"2026-01-05T14:26:16+00:00\",\"breadcrumb\":{\"@id\":\"https:\/\/ecotexpert.com\/de\/industrieel-composteerbaar-groeischuim-voor-groentes-duits\/#breadcrumb\"},\"inLanguage\":\"de\",\"potentialAction\":[{\"@type\":\"ReadAction\",\"target\":[\"https:\/\/ecotexpert.com\/de\/industrieel-composteerbaar-groeischuim-voor-groentes-duits\/\"]}]},{\"@type\":\"ImageObject\",\"inLanguage\":\"de\",\"@id\":\"https:\/\/ecotexpert.com\/de\/industrieel-composteerbaar-groeischuim-voor-groentes-duits\/#primaryimage\",\"url\":\"https:\/\/ecotexpert.com\/wp-content\/uploads\/2025\/12\/sla-verbouwen.jpg\",\"contentUrl\":\"https:\/\/ecotexpert.com\/wp-content\/uploads\/2025\/12\/sla-verbouwen.jpg\"},{\"@type\":\"BreadcrumbList\",\"@id\":\"https:\/\/ecotexpert.com\/de\/industrieel-composteerbaar-groeischuim-voor-groentes-duits\/#breadcrumb\",\"itemListElement\":[{\"@type\":\"ListItem\",\"position\":1,\"name\":\"Home\",\"item\":\"https:\/\/ecotexpert.com\/de\/\"},{\"@type\":\"ListItem\",\"position\":2,\"name\":\"industriell kompostierbarer Wachstumsschaum f\u00fcr Gem\u00fcseindustrieel composteerbaar groeischuim voor groentes duits\"}]},{\"@type\":\"WebSite\",\"@id\":\"https:\/\/ecotexpert.com\/de\/#website\",\"url\":\"https:\/\/ecotexpert.com\/de\/\",\"name\":\"ecoTEXpert\",\"description\":\"\",\"publisher\":{\"@id\":\"https:\/\/ecotexpert.com\/de\/#organization\"},\"potentialAction\":[{\"@type\":\"SearchAction\",\"target\":{\"@type\":\"EntryPoint\",\"urlTemplate\":\"https:\/\/ecotexpert.com\/de\/?s={search_term_string}\"},\"query-input\":{\"@type\":\"PropertyValueSpecification\",\"valueRequired\":true,\"valueName\":\"search_term_string\"}}],\"inLanguage\":\"de\"},{\"@type\":\"Organization\",\"@id\":\"https:\/\/ecotexpert.com\/de\/#organization\",\"name\":\"ecoTEXpert\",\"url\":\"https:\/\/ecotexpert.com\/de\/\",\"logo\":{\"@type\":\"ImageObject\",\"inLanguage\":\"de\",\"@id\":\"https:\/\/ecotexpert.com\/de\/#\/schema\/logo\/image\/\",\"url\":\"https:\/\/ecotexpert.com\/wp-content\/uploads\/2025\/12\/logo.svg\",\"contentUrl\":\"https:\/\/ecotexpert.com\/wp-content\/uploads\/2025\/12\/logo.svg\",\"caption\":\"ecoTEXpert\"},\"image\":{\"@id\":\"https:\/\/ecotexpert.com\/de\/#\/schema\/logo\/image\/\"}}]}<\/script>\n<!-- \/ Yoast SEO plugin. -->","yoast_head_json":{"title":"industriell kompostierbarer Wachstumsschaum f\u00fcr Gem\u00fcseindustrieel composteerbaar groeischuim voor groentes duits - ecoTEXpert","robots":{"index":"index","follow":"follow","max-snippet":"max-snippet:-1","max-image-preview":"max-image-preview:large","max-video-preview":"max-video-preview:-1"},"canonical":"https:\/\/ecotexpert.com\/de\/industrieel-composteerbaar-groeischuim-voor-groentes-duits\/","og_locale":"de_DE","og_type":"article","og_title":"industriell kompostierbarer Wachstumsschaum f\u00fcr Gem\u00fcseindustrieel composteerbaar groeischuim voor groentes duits - ecoTEXpert","og_description":"industriell kompostierbarer Wachstumsschaum f\u00fcr Gem\u00fcse tectofoam orchidee plugs Gem\u00fcse in Hydrokultur ben\u00f6tigt einen stabilen und luftigen Untergrund. Tectofoam-Plugs wurden speziell &hellip; Continued","og_url":"https:\/\/ecotexpert.com\/de\/industrieel-composteerbaar-groeischuim-voor-groentes-duits\/","og_site_name":"ecoTEXpert","article_modified_time":"2026-01-05T14:26:16+00:00","og_image":[{"width":1000,"height":667,"url":"https:\/\/ecotexpert.com\/wp-content\/uploads\/2025\/12\/sla-verbouwen.jpg","type":"image\/jpeg"}],"twitter_card":"summary_large_image","twitter_misc":{"Gesch\u00e4tzte Lesezeit":"2\u00a0Minuten"},"schema":{"@context":"https:\/\/schema.org","@graph":[{"@type":"WebPage","@id":"https:\/\/ecotexpert.com\/de\/industrieel-composteerbaar-groeischuim-voor-groentes-duits\/","url":"https:\/\/ecotexpert.com\/de\/industrieel-composteerbaar-groeischuim-voor-groentes-duits\/","name":"industriell kompostierbarer Wachstumsschaum f\u00fcr Gem\u00fcseindustrieel composteerbaar groeischuim voor groentes duits - ecoTEXpert","isPartOf":{"@id":"https:\/\/ecotexpert.com\/de\/#website"},"primaryImageOfPage":{"@id":"https:\/\/ecotexpert.com\/de\/industrieel-composteerbaar-groeischuim-voor-groentes-duits\/#primaryimage"},"image":{"@id":"https:\/\/ecotexpert.com\/de\/industrieel-composteerbaar-groeischuim-voor-groentes-duits\/#primaryimage"},"thumbnailUrl":"https:\/\/ecotexpert.com\/wp-content\/uploads\/2025\/12\/sla-verbouwen.jpg","datePublished":"2025-12-23T12:37:46+00:00","dateModified":"2026-01-05T14:26:16+00:00","breadcrumb":{"@id":"https:\/\/ecotexpert.com\/de\/industrieel-composteerbaar-groeischuim-voor-groentes-duits\/#breadcrumb"},"inLanguage":"de","potentialAction":[{"@type":"ReadAction","target":["https:\/\/ecotexpert.com\/de\/industrieel-composteerbaar-groeischuim-voor-groentes-duits\/"]}]},{"@type":"ImageObject","inLanguage":"de","@id":"https:\/\/ecotexpert.com\/de\/industrieel-composteerbaar-groeischuim-voor-groentes-duits\/#primaryimage","url":"https:\/\/ecotexpert.com\/wp-content\/uploads\/2025\/12\/sla-verbouwen.jpg","contentUrl":"https:\/\/ecotexpert.com\/wp-content\/uploads\/2025\/12\/sla-verbouwen.jpg"},{"@type":"BreadcrumbList","@id":"https:\/\/ecotexpert.com\/de\/industrieel-composteerbaar-groeischuim-voor-groentes-duits\/#breadcrumb","itemListElement":[{"@type":"ListItem","position":1,"name":"Home","item":"https:\/\/ecotexpert.com\/de\/"},{"@type":"ListItem","position":2,"name":"industriell kompostierbarer Wachstumsschaum f\u00fcr Gem\u00fcseindustrieel composteerbaar groeischuim voor groentes duits"}]},{"@type":"WebSite","@id":"https:\/\/ecotexpert.com\/de\/#website","url":"https:\/\/ecotexpert.com\/de\/","name":"ecoTEXpert","description":"","publisher":{"@id":"https:\/\/ecotexpert.com\/de\/#organization"},"potentialAction":[{"@type":"SearchAction","target":{"@type":"EntryPoint","urlTemplate":"https:\/\/ecotexpert.com\/de\/?s={search_term_string}"},"query-input":{"@type":"PropertyValueSpecification","valueRequired":true,"valueName":"search_term_string"}}],"inLanguage":"de"},{"@type":"Organization","@id":"https:\/\/ecotexpert.com\/de\/#organization","name":"ecoTEXpert","url":"https:\/\/ecotexpert.com\/de\/","logo":{"@type":"ImageObject","inLanguage":"de","@id":"https:\/\/ecotexpert.com\/de\/#\/schema\/logo\/image\/","url":"https:\/\/ecotexpert.com\/wp-content\/uploads\/2025\/12\/logo.svg","contentUrl":"https:\/\/ecotexpert.com\/wp-content\/uploads\/2025\/12\/logo.svg","caption":"ecoTEXpert"},"image":{"@id":"https:\/\/ecotexpert.com\/de\/#\/schema\/logo\/image\/"}}]}},"_links":{"self":[{"href":"https:\/\/ecotexpert.com\/de\/wp-json\/wp\/v2\/pages\/412","targetHints":{"allow":["GET"]}}],"collection":[{"href":"https:\/\/ecotexpert.com\/de\/wp-json\/wp\/v2\/pages"}],"about":[{"href":"https:\/\/ecotexpert.com\/de\/wp-json\/wp\/v2\/types\/page"}],"author":[{"embeddable":true,"href":"https:\/\/ecotexpert.com\/de\/wp-json\/wp\/v2\/users\/2"}],"replies":[{"embeddable":true,"href":"https:\/\/ecotexpert.com\/de\/wp-json\/wp\/v2\/comments?post=412"}],"version-history":[{"count":5,"href":"https:\/\/ecotexpert.com\/de\/wp-json\/wp\/v2\/pages\/412\/revisions"}],"predecessor-version":[{"id":468,"href":"https:\/\/ecotexpert.com\/de\/wp-json\/wp\/v2\/pages\/412\/revisions\/468"}],"wp:attachment":[{"href":"https:\/\/ecotexpert.com\/de\/wp-json\/wp\/v2\/media?parent=412"}],"curies":[{"name":"wp","href":"https:\/\/api.w.org\/{rel}","templated":true}]}}