  {"id":421,"date":"2025-12-23T12:42:18","date_gmt":"2025-12-23T12:42:18","guid":{"rendered":"https:\/\/ecotexpert.com\/volledig-biologisch-afbreekbaar-maaidraad-van-topkwaliteit-duits\/"},"modified":"2026-01-05T14:26:17","modified_gmt":"2026-01-05T14:26:17","slug":"volledig-biologisch-afbreekbaar-maaidraad-van-topkwaliteit-duits","status":"publish","type":"page","link":"https:\/\/ecotexpert.com\/de\/volledig-biologisch-afbreekbaar-maaidraad-van-topkwaliteit-duits\/","title":{"rendered":"vollst\u00e4ndig biologisch abbaubare, hochwertige M\u00e4hschnur"},"content":{"rendered":"\n<div class=\"wp-block-group has-global-padding is-layout-constrained wp-block-group-is-layout-constrained\" style=\"padding-top:var(--wp--preset--spacing--80);padding-bottom:var(--wp--preset--spacing--80)\">\n<div class=\"wp-block-columns are-vertically-aligned-top is-layout-flex wp-container-core-columns-is-layout-28f84493 wp-block-columns-is-layout-flex\" style=\"border-top-left-radius:0px;border-top-right-radius:0px;border-bottom-left-radius:0px;border-bottom-right-radius:0px\">\n<div class=\"wp-block-column is-vertically-aligned-top is-layout-flow wp-block-column-is-layout-flow\" style=\"flex-basis:50%\">\n<p id=\"headings\"><\/p>\n\n\n\n<h2 class=\"wp-block-heading\" style=\"margin-top:0;margin-bottom:var(--wp--preset--spacing--60)\">vollst\u00e4ndig biologisch abbaubare, hochwertige M\u00e4hschnur<\/h2>\n\n\n\n<p>Beim Rasentrimmern wird M\u00e4hschnur verbraucht. Nylonschnur landet als (Mikro-)Plastikm\u00fcll im Garten und ben\u00f6tigt etwa 500 Jahre, um sich abzubauen, wobei langsam giftige Substanzen freigesetzt werden! EcoBlade ist vollst\u00e4ndig biologisch abbaubar und zersetzt sich auf nat\u00fcrliche Weise in harmlose Substanzen wie Wasser, Kohlendioxid und Biomasse. Dieser Prozess dauert je nach Gr\u00f6\u00dfe der Reste zwischen wenigen Wochen und etwa zwei Jahren.<\/p>\n\n\n\n<h3 class=\"wp-block-heading\">leistung<\/h3>\n\n\n\n<p>Dank seiner einzigartigen Zusammensetzung, die unter anderem Brennnessel enth\u00e4lt, ist die Schnittleistung vergleichbar mit der von herk\u00f6mmlicher Nylonschnur! Die Schnur ist etwas flexibler als Nylon und l\u00e4sst sich daher leichter auf die Spule wickeln. Allerdings ist der Verschlei\u00df etwas h\u00f6her als bei Nylonschnur. Spezifikationen<\/p>\n\n\n\n<ul class=\"wp-block-list\">\n<li>Form: rund<\/li>\n\n\n\n<li>Dicke: 1,6 oder 2,0 mm<\/li>\n\n\n\n<li>L\u00e4nge: 15 oder 50 Meter<\/li>\n\n\n\n<li>Verpackung: Karton<\/li>\n\n\n\n<li>Haltbarkeit: Trocken lagern, mehrere Jahre haltbar<\/li>\n<\/ul>\n\n\n\n<h3 class=\"wp-block-heading\">anwendung<\/h3>\n\n\n\n<p>Die Schnur ist f\u00fcr alle Rasentrimmer geeignet, die 1,6-mm-Schnur verwenden, z. B. von Black &amp; Decker, Makita und Stihl.<\/p>\n\n\n\n<p>Durch Reibung kann die Schnur nach l\u00e4ngerem M\u00e4hen am Spulenausgang rei\u00dfen. Dies l\u00e4sst sich verhindern, indem man die Metall\u00f6sen gelegentlich mit etwas \u00d6l (z. B. Oliven\u00f6l oder einer anderen umweltfreundlichen Alternative) einfettet.<\/p>\n<\/div>\n\n\n\n<div class=\"wp-block-column is-vertically-aligned-top is-layout-flow wp-block-column-is-layout-flow\" style=\"flex-basis:50%\">\n<figure class=\"wp-block-image size-full has-custom-border\"><img loading=\"lazy\" decoding=\"async\" width=\"1000\" height=\"667\" src=\"https:\/\/ecotexpert.com\/wp-content\/uploads\/2025\/12\/maaidraad-1.jpg\" alt=\"\" class=\"wp-image-298\" style=\"border-top-left-radius:25px;border-top-right-radius:25px;border-bottom-left-radius:25px;border-bottom-right-radius:25px\" srcset=\"https:\/\/ecotexpert.com\/wp-content\/uploads\/2025\/12\/maaidraad-1.jpg 1000w, https:\/\/ecotexpert.com\/wp-content\/uploads\/2025\/12\/maaidraad-1-300x200.jpg 300w, https:\/\/ecotexpert.com\/wp-content\/uploads\/2025\/12\/maaidraad-1-768x512.jpg 768w, https:\/\/ecotexpert.com\/wp-content\/uploads\/2025\/12\/maaidraad-1-150x100.jpg 150w\" sizes=\"auto, (max-width: 1000px) 100vw, 1000px\" \/><\/figure>\n<\/div>\n<\/div>\n<\/div>\n","protected":false},"excerpt":{"rendered":"<p>vollst\u00e4ndig biologisch abbaubare, hochwertige M\u00e4hschnur Beim Rasentrimmern wird M\u00e4hschnur verbraucht. Nylonschnur landet als (Mikro-)Plastikm\u00fcll im Garten und ben\u00f6tigt etwa 500 &hellip; <a href=\"https:\/\/ecotexpert.com\/de\/volledig-biologisch-afbreekbaar-maaidraad-van-topkwaliteit-duits\/\">Continued<\/a><\/p>\n","protected":false},"author":2,"featured_media":0,"parent":0,"menu_order":0,"comment_status":"closed","ping_status":"closed","template":"","meta":{"_acf_changed":false,"footnotes":""},"class_list":["post-421","page","type-page","status-publish","hentry"],"acf":[],"yoast_head":"<!-- This site is optimized with the Yoast SEO plugin v26.5 - https:\/\/yoast.com\/wordpress\/plugins\/seo\/ -->\n<title>vollst\u00e4ndig biologisch abbaubare, hochwertige M\u00e4hschnur - ecoTEXpert<\/title>\n<meta name=\"robots\" content=\"index, follow, max-snippet:-1, max-image-preview:large, max-video-preview:-1\" \/>\n<link rel=\"canonical\" href=\"https:\/\/ecotexpert.com\/de\/volledig-biologisch-afbreekbaar-maaidraad-van-topkwaliteit-duits\/\" \/>\n<meta property=\"og:locale\" content=\"de_DE\" \/>\n<meta property=\"og:type\" content=\"article\" \/>\n<meta property=\"og:title\" content=\"vollst\u00e4ndig biologisch abbaubare, hochwertige M\u00e4hschnur - ecoTEXpert\" \/>\n<meta property=\"og:description\" content=\"vollst\u00e4ndig biologisch abbaubare, hochwertige M\u00e4hschnur Beim Rasentrimmern wird M\u00e4hschnur verbraucht. Nylonschnur landet als (Mikro-)Plastikm\u00fcll im Garten und ben\u00f6tigt etwa 500 &hellip; Continued\" \/>\n<meta property=\"og:url\" content=\"https:\/\/ecotexpert.com\/de\/volledig-biologisch-afbreekbaar-maaidraad-van-topkwaliteit-duits\/\" \/>\n<meta property=\"og:site_name\" content=\"ecoTEXpert\" \/>\n<meta property=\"article:modified_time\" content=\"2026-01-05T14:26:17+00:00\" \/>\n<meta property=\"og:image\" content=\"https:\/\/ecotexpert.com\/wp-content\/uploads\/2025\/12\/maaidraad-1.jpg\" \/>\n\t<meta property=\"og:image:width\" content=\"1000\" \/>\n\t<meta property=\"og:image:height\" content=\"667\" \/>\n\t<meta property=\"og:image:type\" content=\"image\/jpeg\" \/>\n<meta name=\"twitter:card\" content=\"summary_large_image\" \/>\n<meta name=\"twitter:label1\" content=\"Gesch\u00e4tzte Lesezeit\" \/>\n\t<meta name=\"twitter:data1\" content=\"1\u00a0Minute\" \/>\n<script type=\"application\/ld+json\" class=\"yoast-schema-graph\">{\"@context\":\"https:\/\/schema.org\",\"@graph\":[{\"@type\":\"WebPage\",\"@id\":\"https:\/\/ecotexpert.com\/de\/volledig-biologisch-afbreekbaar-maaidraad-van-topkwaliteit-duits\/\",\"url\":\"https:\/\/ecotexpert.com\/de\/volledig-biologisch-afbreekbaar-maaidraad-van-topkwaliteit-duits\/\",\"name\":\"vollst\u00e4ndig biologisch abbaubare, hochwertige M\u00e4hschnur - ecoTEXpert\",\"isPartOf\":{\"@id\":\"https:\/\/ecotexpert.com\/de\/#website\"},\"primaryImageOfPage\":{\"@id\":\"https:\/\/ecotexpert.com\/de\/volledig-biologisch-afbreekbaar-maaidraad-van-topkwaliteit-duits\/#primaryimage\"},\"image\":{\"@id\":\"https:\/\/ecotexpert.com\/de\/volledig-biologisch-afbreekbaar-maaidraad-van-topkwaliteit-duits\/#primaryimage\"},\"thumbnailUrl\":\"https:\/\/ecotexpert.com\/wp-content\/uploads\/2025\/12\/maaidraad-1.jpg\",\"datePublished\":\"2025-12-23T12:42:18+00:00\",\"dateModified\":\"2026-01-05T14:26:17+00:00\",\"breadcrumb\":{\"@id\":\"https:\/\/ecotexpert.com\/de\/volledig-biologisch-afbreekbaar-maaidraad-van-topkwaliteit-duits\/#breadcrumb\"},\"inLanguage\":\"de\",\"potentialAction\":[{\"@type\":\"ReadAction\",\"target\":[\"https:\/\/ecotexpert.com\/de\/volledig-biologisch-afbreekbaar-maaidraad-van-topkwaliteit-duits\/\"]}]},{\"@type\":\"ImageObject\",\"inLanguage\":\"de\",\"@id\":\"https:\/\/ecotexpert.com\/de\/volledig-biologisch-afbreekbaar-maaidraad-van-topkwaliteit-duits\/#primaryimage\",\"url\":\"https:\/\/ecotexpert.com\/wp-content\/uploads\/2025\/12\/maaidraad-1.jpg\",\"contentUrl\":\"https:\/\/ecotexpert.com\/wp-content\/uploads\/2025\/12\/maaidraad-1.jpg\"},{\"@type\":\"BreadcrumbList\",\"@id\":\"https:\/\/ecotexpert.com\/de\/volledig-biologisch-afbreekbaar-maaidraad-van-topkwaliteit-duits\/#breadcrumb\",\"itemListElement\":[{\"@type\":\"ListItem\",\"position\":1,\"name\":\"Home\",\"item\":\"https:\/\/ecotexpert.com\/de\/\"},{\"@type\":\"ListItem\",\"position\":2,\"name\":\"vollst\u00e4ndig biologisch abbaubare, hochwertige M\u00e4hschnur\"}]},{\"@type\":\"WebSite\",\"@id\":\"https:\/\/ecotexpert.com\/de\/#website\",\"url\":\"https:\/\/ecotexpert.com\/de\/\",\"name\":\"ecoTEXpert\",\"description\":\"\",\"publisher\":{\"@id\":\"https:\/\/ecotexpert.com\/de\/#organization\"},\"potentialAction\":[{\"@type\":\"SearchAction\",\"target\":{\"@type\":\"EntryPoint\",\"urlTemplate\":\"https:\/\/ecotexpert.com\/de\/?s={search_term_string}\"},\"query-input\":{\"@type\":\"PropertyValueSpecification\",\"valueRequired\":true,\"valueName\":\"search_term_string\"}}],\"inLanguage\":\"de\"},{\"@type\":\"Organization\",\"@id\":\"https:\/\/ecotexpert.com\/de\/#organization\",\"name\":\"ecoTEXpert\",\"url\":\"https:\/\/ecotexpert.com\/de\/\",\"logo\":{\"@type\":\"ImageObject\",\"inLanguage\":\"de\",\"@id\":\"https:\/\/ecotexpert.com\/de\/#\/schema\/logo\/image\/\",\"url\":\"https:\/\/ecotexpert.com\/wp-content\/uploads\/2025\/12\/logo.svg\",\"contentUrl\":\"https:\/\/ecotexpert.com\/wp-content\/uploads\/2025\/12\/logo.svg\",\"caption\":\"ecoTEXpert\"},\"image\":{\"@id\":\"https:\/\/ecotexpert.com\/de\/#\/schema\/logo\/image\/\"}}]}<\/script>\n<!-- \/ Yoast SEO plugin. -->","yoast_head_json":{"title":"vollst\u00e4ndig biologisch abbaubare, hochwertige M\u00e4hschnur - ecoTEXpert","robots":{"index":"index","follow":"follow","max-snippet":"max-snippet:-1","max-image-preview":"max-image-preview:large","max-video-preview":"max-video-preview:-1"},"canonical":"https:\/\/ecotexpert.com\/de\/volledig-biologisch-afbreekbaar-maaidraad-van-topkwaliteit-duits\/","og_locale":"de_DE","og_type":"article","og_title":"vollst\u00e4ndig biologisch abbaubare, hochwertige M\u00e4hschnur - ecoTEXpert","og_description":"vollst\u00e4ndig biologisch abbaubare, hochwertige M\u00e4hschnur Beim Rasentrimmern wird M\u00e4hschnur verbraucht. Nylonschnur landet als (Mikro-)Plastikm\u00fcll im Garten und ben\u00f6tigt etwa 500 &hellip; Continued","og_url":"https:\/\/ecotexpert.com\/de\/volledig-biologisch-afbreekbaar-maaidraad-van-topkwaliteit-duits\/","og_site_name":"ecoTEXpert","article_modified_time":"2026-01-05T14:26:17+00:00","og_image":[{"width":1000,"height":667,"url":"https:\/\/ecotexpert.com\/wp-content\/uploads\/2025\/12\/maaidraad-1.jpg","type":"image\/jpeg"}],"twitter_card":"summary_large_image","twitter_misc":{"Gesch\u00e4tzte Lesezeit":"1\u00a0Minute"},"schema":{"@context":"https:\/\/schema.org","@graph":[{"@type":"WebPage","@id":"https:\/\/ecotexpert.com\/de\/volledig-biologisch-afbreekbaar-maaidraad-van-topkwaliteit-duits\/","url":"https:\/\/ecotexpert.com\/de\/volledig-biologisch-afbreekbaar-maaidraad-van-topkwaliteit-duits\/","name":"vollst\u00e4ndig biologisch abbaubare, hochwertige M\u00e4hschnur - ecoTEXpert","isPartOf":{"@id":"https:\/\/ecotexpert.com\/de\/#website"},"primaryImageOfPage":{"@id":"https:\/\/ecotexpert.com\/de\/volledig-biologisch-afbreekbaar-maaidraad-van-topkwaliteit-duits\/#primaryimage"},"image":{"@id":"https:\/\/ecotexpert.com\/de\/volledig-biologisch-afbreekbaar-maaidraad-van-topkwaliteit-duits\/#primaryimage"},"thumbnailUrl":"https:\/\/ecotexpert.com\/wp-content\/uploads\/2025\/12\/maaidraad-1.jpg","datePublished":"2025-12-23T12:42:18+00:00","dateModified":"2026-01-05T14:26:17+00:00","breadcrumb":{"@id":"https:\/\/ecotexpert.com\/de\/volledig-biologisch-afbreekbaar-maaidraad-van-topkwaliteit-duits\/#breadcrumb"},"inLanguage":"de","potentialAction":[{"@type":"ReadAction","target":["https:\/\/ecotexpert.com\/de\/volledig-biologisch-afbreekbaar-maaidraad-van-topkwaliteit-duits\/"]}]},{"@type":"ImageObject","inLanguage":"de","@id":"https:\/\/ecotexpert.com\/de\/volledig-biologisch-afbreekbaar-maaidraad-van-topkwaliteit-duits\/#primaryimage","url":"https:\/\/ecotexpert.com\/wp-content\/uploads\/2025\/12\/maaidraad-1.jpg","contentUrl":"https:\/\/ecotexpert.com\/wp-content\/uploads\/2025\/12\/maaidraad-1.jpg"},{"@type":"BreadcrumbList","@id":"https:\/\/ecotexpert.com\/de\/volledig-biologisch-afbreekbaar-maaidraad-van-topkwaliteit-duits\/#breadcrumb","itemListElement":[{"@type":"ListItem","position":1,"name":"Home","item":"https:\/\/ecotexpert.com\/de\/"},{"@type":"ListItem","position":2,"name":"vollst\u00e4ndig biologisch abbaubare, hochwertige M\u00e4hschnur"}]},{"@type":"WebSite","@id":"https:\/\/ecotexpert.com\/de\/#website","url":"https:\/\/ecotexpert.com\/de\/","name":"ecoTEXpert","description":"","publisher":{"@id":"https:\/\/ecotexpert.com\/de\/#organization"},"potentialAction":[{"@type":"SearchAction","target":{"@type":"EntryPoint","urlTemplate":"https:\/\/ecotexpert.com\/de\/?s={search_term_string}"},"query-input":{"@type":"PropertyValueSpecification","valueRequired":true,"valueName":"search_term_string"}}],"inLanguage":"de"},{"@type":"Organization","@id":"https:\/\/ecotexpert.com\/de\/#organization","name":"ecoTEXpert","url":"https:\/\/ecotexpert.com\/de\/","logo":{"@type":"ImageObject","inLanguage":"de","@id":"https:\/\/ecotexpert.com\/de\/#\/schema\/logo\/image\/","url":"https:\/\/ecotexpert.com\/wp-content\/uploads\/2025\/12\/logo.svg","contentUrl":"https:\/\/ecotexpert.com\/wp-content\/uploads\/2025\/12\/logo.svg","caption":"ecoTEXpert"},"image":{"@id":"https:\/\/ecotexpert.com\/de\/#\/schema\/logo\/image\/"}}]}},"_links":{"self":[{"href":"https:\/\/ecotexpert.com\/de\/wp-json\/wp\/v2\/pages\/421","targetHints":{"allow":["GET"]}}],"collection":[{"href":"https:\/\/ecotexpert.com\/de\/wp-json\/wp\/v2\/pages"}],"about":[{"href":"https:\/\/ecotexpert.com\/de\/wp-json\/wp\/v2\/types\/page"}],"author":[{"embeddable":true,"href":"https:\/\/ecotexpert.com\/de\/wp-json\/wp\/v2\/users\/2"}],"replies":[{"embeddable":true,"href":"https:\/\/ecotexpert.com\/de\/wp-json\/wp\/v2\/comments?post=421"}],"version-history":[{"count":2,"href":"https:\/\/ecotexpert.com\/de\/wp-json\/wp\/v2\/pages\/421\/revisions"}],"predecessor-version":[{"id":471,"href":"https:\/\/ecotexpert.com\/de\/wp-json\/wp\/v2\/pages\/421\/revisions\/471"}],"wp:attachment":[{"href":"https:\/\/ecotexpert.com\/de\/wp-json\/wp\/v2\/media?parent=421"}],"curies":[{"name":"wp","href":"https:\/\/api.w.org\/{rel}","templated":true}]}}